{"id":11496,"date":"2025-07-31T11:40:16","date_gmt":"2025-07-31T09:40:16","guid":{"rendered":"https:\/\/tagdc.tagsystems.com\/de-ch\/datenschutzerklaerung-eu\/"},"modified":"2025-07-31T12:24:34","modified_gmt":"2025-07-31T10:24:34","slug":"datenschutzerklaerung-eu","status":"publish","type":"page","link":"https:\/\/tagdc.tagsystems.com\/de-ch\/datenschutzerklaerung-eu\/","title":{"rendered":"Daten\u00adschutz\u00ader\u00adkl\u00e4rung"},"content":{"rendered":"\t\t<div data-elementor-type=\"wp-page\" data-elementor-id=\"11496\" class=\"elementor elementor-11496\" data-elementor-post-type=\"page\">\n\t\t\t\t<div class=\"elementor-element elementor-element-5eadf350 e-flex e-con-boxed e-con e-parent\" data-id=\"5eadf350\" data-element_type=\"container\" data-settings=\"{&quot;background_background&quot;:&quot;classic&quot;}\">\n\t\t\t\t\t<div class=\"e-con-inner\">\n\t\t\t\t<div class=\"elementor-element elementor-element-b29a9ad elementor-widget elementor-widget-heading\" data-id=\"b29a9ad\" data-element_type=\"widget\" data-widget_type=\"heading.default\">\n\t\t\t\t<div class=\"elementor-widget-container\">\n\t\t\t\t\t<h1 class=\"elementor-heading-title elementor-size-default\">Daten\u00adschutz\u00ader\u00adkl\u00e4rung<\/h1>\t\t\t\t<\/div>\n\t\t\t\t<\/div>\n\t\t\t\t<div class=\"elementor-element elementor-element-1cbc2de elementor-widget elementor-widget-shortcode\" data-id=\"1cbc2de\" data-element_type=\"widget\" data-widget_type=\"shortcode.default\">\n\t\t\t\t<div class=\"elementor-widget-container\">\n\t\t\t\t\t\t\t<div class=\"elementor-shortcode\">\n<!-- Legal document generated by Complianz | GDPR\/CCPA Cookie Consent https:\/\/wordpress.org\/plugins\/complianz-gdpr -->\n<div id=\"cmplz-document\" class=\"cmplz-document privacy-statement cmplz-document-eu\"><p><i>Diese Daten\u00adschutz\u00ader\u00adkl\u00e4rung wurde zuletzt am 15. Dezember 2025 aktua\u00adli\u00adsiert und gilt f\u00fcr B\u00fcrger und Personen mit st\u00e4ndigem Wohnsitz im Europ\u00e4i\u00adschen Wirtschaftsraum und der Schweiz.<\/i><br><br><\/p><p><\/p><p>In dieser Daten\u00adschutz\u00ader\u00adkl\u00e4rung erkl\u00e4ren wir, was wir mit den Daten, die wir \u00fcber dich via <a href=\"https:\/\/tagdc.tagsystems.com\/de-ch\">https:\/\/tagdc.tagsystems.com\/de-ch<\/a> gesammelt haben, tun. Wir empfehlen dir, dieses Dokument sorgf\u00e4ltig zu lesen. W\u00e4hrend unserer Verar\u00adbeitung entsprechen wir den gesetz\u00adlichen Anfor\u00adde\u00adrungen. Dies bedeutet unter anderem:<\/p><ul>\n                <li>Wir geben klar die Zwecke f\u00fcr die wir pers\u00f6n\u00adliche Daten verar\u00adbeiten, an. Dies geschieht durch diese Daten\u00adschutz\u00ader\u00adkl\u00e4rung.<\/li>\n                <li>Wir zielen darauf ab, unsere Sammlung von pers\u00f6n\u00adlichen Daten auf jene pers\u00f6n\u00adliche Daten zu beschr\u00e4nken, die aus legitimen Gr\u00fcnden ben\u00f6tigt werden.<\/li>\n                <li>Wir werden zun\u00e4chst dein expli\u00adzites Einver\u00adst\u00e4ndnis einholen, wenn dies notwendig sein sollte, um deine pers\u00f6n\u00adlichen Daten zu verar\u00adbeiten.<\/li>\n                <li>Wir unter\u00adnehmen angemessene Sicher\u00adheits\u00admass\u00adnahmen um deine pers\u00f6n\u00adlichen Daten zu sch\u00fctzen und verlangen dies ebenso von Parteien, die pers\u00f6n\u00adliche Daten in unserem Auftrag verar\u00adbeiten.<\/li>\n                <li>Wir respek\u00adtieren dein Recht auf Einsicht\u00adnahme, Berich\u00adtigung oder L\u00f6schung deiner perso\u00adnen\u00adbe\u00adzo\u00adgenen Daten.<\/li>\n            <\/ul><p>Wenn du Fragen hast oder wissen m\u00f6chtest, welche pers\u00f6n\u00adlichen Daten wir \u00fcber dich haben, kontak\u00adtiere uns bitte.<\/p><h2>1. Zweck, Daten und Aufbe\u00adwah\u00adrungs\u00adfrist<\/h2>Wir k\u00f6nnen perso\u00adnen\u00adbe\u00adzogene Daten f\u00fcr eine Reihe von Zwecken im Zusam\u00admenhang mit unserer Gesch\u00e4fts\u00adt\u00e4\u00adtigkeit sammeln oder erhalten, darunter die folgenden: (zum Vergr\u00f6ssern anklicken)<details class=\"cmplz-dropdown dropdown-privacy-statement\"><summary><div><h3>1.1 Kontakt \u2014 per Telefon, Post, E\u2011Mail und\/oder Webformate<\/h3><\/div><\/summary><p class=\"cmplz-subtitle\">Zu diesem Zweck verwenden wir die folgenden Daten:<\/p><p><\/p><ul><li>Ein Vor- und Nachname<\/li><li>Eine E\u2011Mail-Adresse<\/li><li>IP-Adresse<\/li><\/ul><p class=\"cmplz-subtitle\">Die Grundlage, auf der wir diese Daten verar\u00adbeiten k\u00f6nnen, ist:<\/p><p><a target=\"_blank\" rel=\"noopener noreferrer nofollow\" href=\"https:\/\/cookiedatabase.org\/legal-bases\/#consent\">Nach Erteilung der Zustimmung.<\/a><\/p><p class=\"cmplz-subtitle\">Bewah\u00adrungs\u00adfrist<\/p><p>Wir speichern diese Daten bis zur Beendigung des Dienstes.<\/p><\/details><h2>2. Cookies<\/h2><p>Unsere Website benutzt Cookies. F\u00fcr mehr Infor\u00adma\u00adtionen \u00fcber Cookies schaue bitte unter unseren <a href=\"https:\/\/tagdc.tagsystems.com\/de-ch\/cookie-richtlinie-eu\/\">Cookie-Richt\u00adlinien<\/a> nach.&nbsp;<\/p><h2>3. Offen\u00adle\u00adgungs\u00adprak\u00adtiken<\/h2><p><\/p><p>Wir legen perso\u00adnen\u00adbe\u00adzogene Daten offen, wenn wir gesetzlich oder per Gerichts\u00adbe\u00adschluss dazu verpflichtet sind, z. B. auf Anfor\u00adderung einer Straf\u00adver\u00adfol\u00adgungs\u00adbe\u00adh\u00f6rde, soweit dies im Rahmen der gesetz\u00adlichen Bestim\u00admungen zul\u00e4ssig ist, um Ausk\u00fcnfte zu erteilen, oder f\u00fcr eine Unter\u00adsu\u00adchung in einer Angele\u00adgenheit, die die \u00f6ffent\u00adliche Sicherheit betrifft.<\/p><p>Wenn unsere Website oder unser Unter\u00adnehmen im Rahmen einer Fusion oder \u00dcbernahme \u00fcbernommen oder verkauft wird, k\u00f6nnen deinen Daten unseren Beratern und poten\u00adzi\u00adellen K\u00e4ufern offen\u00adgelegt und an die neuen Eigen\u00adt\u00fcmer \u00fcbermittelt werden.<\/p><h2>4. Sicherheit<\/h2><p>Wir sind der Sicherheit pers\u00f6n\u00adlicher Daten verpflichtet. Wir unter\u00adnehmen angemessene Sicher\u00adheits\u00admass\u00adnahmen um Missbrauch von und unaut\u00adho\u00adri\u00adsierten Zugriff auf pers\u00f6n\u00adliche Daten zu begrenzen. Dies stellt sicher, dass nur notwendige Personen Zugriff auf deine Daten erhalten, dieser Zugriff gesch\u00fctzt ist und dass unsere Sicher\u00adheits\u00admass\u00adnahmen regel\u00adm\u00e4ssig gepr\u00fcft werden.<\/p><h2>5. Websites von Dritt\u00adan\u00adbietern<\/h2><p>Diese Daten\u00adschutz\u00ader\u00adkl\u00e4rung gilt nicht f\u00fcr Websites von Dritt\u00adpar\u00adteien, die durch Links auf unserer Website verbunden sind. Wir k\u00f6nnen nicht garan\u00adtieren, dass diese Dritt\u00adan\u00adbieter deine pers\u00f6n\u00adlichen Daten in verl\u00e4ss\u00adlicher oder sicherer Weise behandeln. Wir empfehlen dir die Daten\u00adschutz\u00ader\u00adkl\u00e4\u00adrungen dieser Websites vor deren Nutzung zu lesen.<\/p><h2>6. Erg\u00e4n\u00adzungen zu dieser Daten\u00adschutz\u00ader\u00adkl\u00e4rung<\/h2><p>Wir behalten uns das Recht vor, \u00c4nderungen an dieser Daten\u00adschutz\u00ader\u00adkl\u00e4rung vorzu\u00adnehmen. Es wird empfohlen, diese Daten\u00adschutz\u00ader\u00adkl\u00e4rung regel\u00adm\u00e4ssig zu lesen, um sich \u00fcber \u00c4nderungen zu infor\u00admieren. Dar\u00fcber hinaus infor\u00admieren wir dich wo immer m\u00f6glich.<\/p><h2>7. Zugriff und Bearbeitung deiner Daten<\/h2><p>Wenn du Fragen hast oder wissen m\u00f6chtest, welche pers\u00f6n\u00adlichen Daten wir \u00fcber dich haben, kontak\u00adtiere uns bitte. Du kannst uns mittels der unten stehenden Infor\u00adma\u00adtionen erreichen. Du hast die folgenden Rechte:<\/p><ul>\n                <li>Du hast das Recht zu wissen, warum deine pers\u00f6n\u00adlichen Daten gebraucht werden, was mit ihnen passiert und wie lange diese verwahrt werden.<\/li>\n                <li>Zugriffs\u00adrecht: Du hast das Recht deine uns bekannten pers\u00f6n\u00adliche Daten einzu\u00adsehen.<\/li>\n                <li>Recht auf Berich\u00adtigung: Du hast das Recht wann immer du w\u00fcnscht, deine pers\u00f6n\u00adlichen Daten zu erg\u00e4nzen, zu korri\u00adgieren sowie gel\u00f6scht oder blockiert zu bekommen.<\/li>\n                <li>Wenn du uns dein Einver\u00adst\u00e4ndnis zur Verar\u00adbeitung deiner Daten gegeben hast, hast du das Recht dieses Einver\u00adst\u00e4ndnis zu wider\u00adrufen und deine pers\u00f6n\u00adlichen Daten l\u00f6schen zu lassen.<\/li>\n                <li>Recht auf Daten\u00adtransfer deiner Daten: Du hast das Recht, alle deine pers\u00f6n\u00adlichen Daten von einem Verant\u00adwort\u00adlichen anzufordern und in ihrer Gesamtheit zu einem anderen Verant\u00adwort\u00adlichen zu trans\u00adfe\u00adrieren.<\/li>\n                <li>Wider\u00adspruchs\u00adrecht: Du kannst der Verar\u00adbeitung deiner Daten wider\u00adsprechen. Wir entsprechen dem, es sei denn es gibt berech\u00adtigte Gr\u00fcnde f\u00fcr die Verar\u00adbeitung.<\/li>\n            <\/ul><p>Bitte stelle sicher, dass du immer klar angibst,  wer du bist, sodass wir sicher sein k\u00f6nnen nicht die Daten der falschen Person zu bearbeiten oder zu l\u00f6schen.<\/p><h2>8. Eine Beschwerde \u00fcbermitteln<\/h2><p>Wenn du nicht zufrieden mit der Art und Weise bist, in der wir (deine Beschwerde) die Verar\u00adbeitung deiner pers\u00f6n\u00adlichen Daten handhaben, hast du das Recht eine Beschwerde an die Daten\u00adschutz\u00adbe\u00adh\u00f6rde zu richten.<\/p><h2>9. Kontakt\u00addaten<\/h2><p>TAG Systems AG<br>\n        Pflug\u00adstrasse 22<br>\n9490 Vaduz<br>\n        Liech\u00adten\u00adstein<br>\n        Website: <a href=\"https:\/\/tagdc.tagsystems.com\/de-ch\">https:\/\/tagdc.tagsystems.com\/de-ch<\/a> <br>\n        E\u2011Mail: <span class=\"cmplz-obfuscate\">info@<span class=\"cmplz-fmail-domain\">ex.com<\/span>tagsystems.com<\/span> <br>\n        Telefon\u00adnummer: +423 376 50 80<\/p><h2>10. Daten\u00adan\u00adfrage<\/h2><p>F\u00fcr die am h\u00e4ufigsten gestellten Anfragen bieten wir auch die M\u00f6glichkeit, unser Daten\u00adan\u00adfra\u00adge\u00adfor\u00admular zu nutzen<br>\t\t\t<\/p><div class=\"cmplz-datarequest cmplz-alert\">\n\t\t\t\t<span class=\"cmplz-close\">\u00d7<\/span>\n\t\t\t\t<span id=\"cmplz-message\"><\/span>\n\t\t\t<\/div>\n\t\t\t<form id=\"cmplz-datarequest-form\">\n\t\t\t\t<input type=\"hidden\" required value=\"eu\" name=\"cmplz_datarequest_region\" id=\"cmplz_datarequest_region\">\n\n\t\t\t\t<label for=\"cmplz_datarequest_firstname\" class=\"cmplz-first-name\">Name\t\t\t\t\t<input type=\"search\" class=\"datarequest-firstname\" value placeholder=\"your first name\" id=\"cmplz_datarequest_firstname\" name=\"cmplz_datarequest_firstname\">\n\t\t\t\t<\/label>\n\t\t\t\t<div>\n\t\t\t\t\t<label for=\"cmplz_datarequest_name\">Name<\/label>\n\t\t\t\t\t<input type=\"text\" required value placeholder=\"Dein Name\" id=\"cmplz_datarequest_name\" name=\"cmplz_datarequest_name\">\n\t\t\t\t<\/div>\n\t\t\t\t<div>\n\t\t\t\t\t<label for=\"cmplz_datarequest_email\">E\u2011Mail<\/label>\n\t\t\t\t\t<input type=\"email\" required value placeholder=\"email@email.com\" id=\"cmplz_datarequest_email\" name=\"cmplz_datarequest_email\">\n\t\t\t\t<\/div>\n\t\t\t\t\t\t\t\t\t\t<div class=\"cmplz_datarequest cmplz_datarequest_request_for_access\">\n\t\t\t\t\t\t\t<label for=\"cmplz_datarequest_request_for_access\">\n\t\t\t\t\t\t\t\t<input type=\"checkbox\" value=\"1\" name=\"cmplz_datarequest_request_for_access\" id=\"cmplz_datarequest_request_for_access\">\n\t\t\t\t\t\t\t\tStelle einen Antrag auf Zugang zu den Daten, die wir \u00fcber dich verar\u00adbeiten.\t\t\t\t\t\t\t<\/label>\n\t\t\t\t\t\t<\/div>\n\t\t\t\t\t\t\t\t\t\t<div class=\"cmplz_datarequest cmplz_datarequest_right_to_be_forgotten\">\n\t\t\t\t\t\t\t<label for=\"cmplz_datarequest_right_to_be_forgotten\">\n\t\t\t\t\t\t\t\t<input type=\"checkbox\" value=\"1\" name=\"cmplz_datarequest_right_to_be_forgotten\" id=\"cmplz_datarequest_right_to_be_forgotten\">\n\t\t\t\t\t\t\t\tStelle einen Antrag auf L\u00f6schung der Daten, wenn sie nicht mehr relevant sind.\t\t\t\t\t\t\t<\/label>\n\t\t\t\t\t\t<\/div>\n\t\t\t\t\t\t\t\t\t\t<div class=\"cmplz_datarequest cmplz_datarequest_right_to_data_portability\">\n\t\t\t\t\t\t\t<label for=\"cmplz_datarequest_right_to_data_portability\">\n\t\t\t\t\t\t\t\t<input type=\"checkbox\" value=\"1\" name=\"cmplz_datarequest_right_to_data_portability\" id=\"cmplz_datarequest_right_to_data_portability\">\n\t\t\t\t\t\t\t\tStelle einen Antrag auf eine Export\u00addatei der Daten, die wir \u00fcber dich verar\u00adbeiten.\t\t\t\t\t\t\t<\/label>\n\t\t\t\t\t\t<\/div>\n\t\t\t\t\t\t\t\t<input type=\"button\" id=\"cmplz-datarequest-submit\" value=\"Senden\">\n\t\t\t<\/form>\n\n\t\t\t<style>\n\t\t\t\t\/* first-name is honeypot *\/\n\t\t\t\t.cmplz-first-name {\n\t\t\t\t\tposition: absolute !important;\n\t\t\t\t\tleft: -5000px !important;\n\t\t\t\t}\n\t\t\t<\/style>\n\t\t\t<\/div><\/div>\n\t\t\t\t\t\t<\/div>\n\t\t\t\t<\/div>\n\t\t\t\t\t<\/div>\n\t\t\t\t<\/div>\n\t\t\t\t<\/div>\n\t\t","protected":false},"excerpt":{"rendered":"","protected":false},"author":1,"featured_media":0,"parent":0,"menu_order":0,"comment_status":"closed","ping_status":"closed","template":"","meta":{"wp_typography_post_enhancements_disabled":false,"footnotes":""},"class_list":["post-11496","page","type-page","status-publish","hentry"],"yoast_head":"<!-- This site is optimized with the Yoast SEO plugin v26.6 - https:\/\/yoast.com\/wordpress\/plugins\/seo\/ -->\n<title>Datenschutzerkl\u00e4rung - TAG Data Center &amp; Networks<\/title>\n<meta name=\"robots\" content=\"index, follow, max-snippet:-1, max-image-preview:large, max-video-preview:-1\" \/>\n<link rel=\"canonical\" href=\"https:\/\/tagdc.tagsystems.com\/de-ch\/datenschutzerklaerung-eu\/\" \/>\n<meta property=\"og:locale\" content=\"de_DE\" \/>\n<meta property=\"og:type\" content=\"article\" \/>\n<meta property=\"og:title\" content=\"Datenschutzerkl\u00e4rung - TAG Data Center &amp; Networks\" \/>\n<meta property=\"og:url\" content=\"https:\/\/tagdc.tagsystems.com\/de-ch\/datenschutzerklaerung-eu\/\" \/>\n<meta property=\"og:site_name\" content=\"TAG Data Center &amp; Networks\" \/>\n<meta property=\"article:modified_time\" content=\"2025-07-31T10:24:34+00:00\" \/>\n<meta name=\"twitter:card\" content=\"summary_large_image\" \/>\n<meta name=\"twitter:label1\" content=\"Gesch\u00e4tzte Lesezeit\" \/>\n\t<meta name=\"twitter:data1\" content=\"1\u00a0Minute\" \/>\n<script type=\"application\/ld+json\" class=\"yoast-schema-graph\">{\"@context\":\"https:\/\/schema.org\",\"@graph\":[{\"@type\":\"WebPage\",\"@id\":\"https:\/\/tagdc.tagsystems.com\/de-ch\/datenschutzerklaerung-eu\/\",\"url\":\"https:\/\/tagdc.tagsystems.com\/de-ch\/datenschutzerklaerung-eu\/\",\"name\":\"Datenschutzerkl\u00e4rung - TAG Data Center &amp; Networks\",\"isPartOf\":{\"@id\":\"https:\/\/tagdc.tagsystems.com\/de-ch\/#website\"},\"datePublished\":\"2025-07-31T09:40:16+00:00\",\"dateModified\":\"2025-07-31T10:24:34+00:00\",\"breadcrumb\":{\"@id\":\"https:\/\/tagdc.tagsystems.com\/de-ch\/datenschutzerklaerung-eu\/#breadcrumb\"},\"inLanguage\":\"de\",\"potentialAction\":[{\"@type\":\"ReadAction\",\"target\":[\"https:\/\/tagdc.tagsystems.com\/de-ch\/datenschutzerklaerung-eu\/\"]}]},{\"@type\":\"BreadcrumbList\",\"@id\":\"https:\/\/tagdc.tagsystems.com\/de-ch\/datenschutzerklaerung-eu\/#breadcrumb\",\"itemListElement\":[{\"@type\":\"ListItem\",\"position\":1,\"name\":\"Startseite\",\"item\":\"https:\/\/tagdc.tagsystems.com\/de-ch\/\"},{\"@type\":\"ListItem\",\"position\":2,\"name\":\"Datenschutzerkl\u00e4rung\"}]},{\"@type\":\"WebSite\",\"@id\":\"https:\/\/tagdc.tagsystems.com\/de-ch\/#website\",\"url\":\"https:\/\/tagdc.tagsystems.com\/de-ch\/\",\"name\":\"TAG Data Center &amp; Networks\",\"description\":\"Hosting infrastructure geared towards high-end managed colocation, dedicated servers, cloud and custom hardware configurations.\",\"publisher\":{\"@id\":\"https:\/\/tagdc.tagsystems.com\/de-ch\/#organization\"},\"potentialAction\":[{\"@type\":\"SearchAction\",\"target\":{\"@type\":\"EntryPoint\",\"urlTemplate\":\"https:\/\/tagdc.tagsystems.com\/de-ch\/?s={search_term_string}\"},\"query-input\":{\"@type\":\"PropertyValueSpecification\",\"valueRequired\":true,\"valueName\":\"search_term_string\"}}],\"inLanguage\":\"de\"},{\"@type\":\"Organization\",\"@id\":\"https:\/\/tagdc.tagsystems.com\/de-ch\/#organization\",\"name\":\"TAG Data Center &amp; Networks\",\"url\":\"https:\/\/tagdc.tagsystems.com\/de-ch\/\",\"logo\":{\"@type\":\"ImageObject\",\"inLanguage\":\"de\",\"@id\":\"https:\/\/tagdc.tagsystems.com\/de-ch\/#\/schema\/logo\/image\/\",\"url\":\"https:\/\/tagdc.tagsystems.com\/de-ch\/wp-content\/uploads\/sites\/2\/2023\/04\/TAG_datacenter_networks_logo_white.svg\",\"contentUrl\":\"https:\/\/tagdc.tagsystems.com\/de-ch\/wp-content\/uploads\/sites\/2\/2023\/04\/TAG_datacenter_networks_logo_white.svg\",\"width\":8192,\"height\":1357,\"caption\":\"TAG Data Center &amp; Networks\"},\"image\":{\"@id\":\"https:\/\/tagdc.tagsystems.com\/de-ch\/#\/schema\/logo\/image\/\"}}]}<\/script>\n<!-- \/ Yoast SEO plugin. -->","yoast_head_json":{"title":"Datenschutzerkl\u00e4rung - TAG Data Center &amp; Networks","robots":{"index":"index","follow":"follow","max-snippet":"max-snippet:-1","max-image-preview":"max-image-preview:large","max-video-preview":"max-video-preview:-1"},"canonical":"https:\/\/tagdc.tagsystems.com\/de-ch\/datenschutzerklaerung-eu\/","og_locale":"de_DE","og_type":"article","og_title":"Datenschutzerkl\u00e4rung - TAG Data Center &amp; Networks","og_url":"https:\/\/tagdc.tagsystems.com\/de-ch\/datenschutzerklaerung-eu\/","og_site_name":"TAG Data Center &amp; Networks","article_modified_time":"2025-07-31T10:24:34+00:00","twitter_card":"summary_large_image","twitter_misc":{"Gesch\u00e4tzte Lesezeit":"1\u00a0Minute"},"schema":{"@context":"https:\/\/schema.org","@graph":[{"@type":"WebPage","@id":"https:\/\/tagdc.tagsystems.com\/de-ch\/datenschutzerklaerung-eu\/","url":"https:\/\/tagdc.tagsystems.com\/de-ch\/datenschutzerklaerung-eu\/","name":"Datenschutzerkl\u00e4rung - TAG Data Center &amp; Networks","isPartOf":{"@id":"https:\/\/tagdc.tagsystems.com\/de-ch\/#website"},"datePublished":"2025-07-31T09:40:16+00:00","dateModified":"2025-07-31T10:24:34+00:00","breadcrumb":{"@id":"https:\/\/tagdc.tagsystems.com\/de-ch\/datenschutzerklaerung-eu\/#breadcrumb"},"inLanguage":"de","potentialAction":[{"@type":"ReadAction","target":["https:\/\/tagdc.tagsystems.com\/de-ch\/datenschutzerklaerung-eu\/"]}]},{"@type":"BreadcrumbList","@id":"https:\/\/tagdc.tagsystems.com\/de-ch\/datenschutzerklaerung-eu\/#breadcrumb","itemListElement":[{"@type":"ListItem","position":1,"name":"Startseite","item":"https:\/\/tagdc.tagsystems.com\/de-ch\/"},{"@type":"ListItem","position":2,"name":"Datenschutzerkl\u00e4rung"}]},{"@type":"WebSite","@id":"https:\/\/tagdc.tagsystems.com\/de-ch\/#website","url":"https:\/\/tagdc.tagsystems.com\/de-ch\/","name":"TAG Data Center &amp; Networks","description":"Hosting infrastructure geared towards high-end managed colocation, dedicated servers, cloud and custom hardware configurations.","publisher":{"@id":"https:\/\/tagdc.tagsystems.com\/de-ch\/#organization"},"potentialAction":[{"@type":"SearchAction","target":{"@type":"EntryPoint","urlTemplate":"https:\/\/tagdc.tagsystems.com\/de-ch\/?s={search_term_string}"},"query-input":{"@type":"PropertyValueSpecification","valueRequired":true,"valueName":"search_term_string"}}],"inLanguage":"de"},{"@type":"Organization","@id":"https:\/\/tagdc.tagsystems.com\/de-ch\/#organization","name":"TAG Data Center &amp; Networks","url":"https:\/\/tagdc.tagsystems.com\/de-ch\/","logo":{"@type":"ImageObject","inLanguage":"de","@id":"https:\/\/tagdc.tagsystems.com\/de-ch\/#\/schema\/logo\/image\/","url":"https:\/\/tagdc.tagsystems.com\/de-ch\/wp-content\/uploads\/sites\/2\/2023\/04\/TAG_datacenter_networks_logo_white.svg","contentUrl":"https:\/\/tagdc.tagsystems.com\/de-ch\/wp-content\/uploads\/sites\/2\/2023\/04\/TAG_datacenter_networks_logo_white.svg","width":8192,"height":1357,"caption":"TAG Data Center &amp; Networks"},"image":{"@id":"https:\/\/tagdc.tagsystems.com\/de-ch\/#\/schema\/logo\/image\/"}}]}},"_links":{"self":[{"href":"https:\/\/tagdc.tagsystems.com\/de-ch\/wp-json\/wp\/v2\/pages\/11496","targetHints":{"allow":["GET"]}}],"collection":[{"href":"https:\/\/tagdc.tagsystems.com\/de-ch\/wp-json\/wp\/v2\/pages"}],"about":[{"href":"https:\/\/tagdc.tagsystems.com\/de-ch\/wp-json\/wp\/v2\/types\/page"}],"author":[{"embeddable":true,"href":"https:\/\/tagdc.tagsystems.com\/de-ch\/wp-json\/wp\/v2\/users\/1"}],"replies":[{"embeddable":true,"href":"https:\/\/tagdc.tagsystems.com\/de-ch\/wp-json\/wp\/v2\/comments?post=11496"}],"version-history":[{"count":4,"href":"https:\/\/tagdc.tagsystems.com\/de-ch\/wp-json\/wp\/v2\/pages\/11496\/revisions"}],"predecessor-version":[{"id":11514,"href":"https:\/\/tagdc.tagsystems.com\/de-ch\/wp-json\/wp\/v2\/pages\/11496\/revisions\/11514"}],"wp:attachment":[{"href":"https:\/\/tagdc.tagsystems.com\/de-ch\/wp-json\/wp\/v2\/media?parent=11496"}],"curies":[{"name":"wp","href":"https:\/\/api.w.org\/{rel}","templated":true}]}}