{"id":3,"date":"2023-02-07T09:08:53","date_gmt":"2023-02-07T09:08:53","guid":{"rendered":"https:\/\/tagz.tagsystems.li\/?page_id=3"},"modified":"2024-06-26T15:47:55","modified_gmt":"2024-06-26T13:47:55","slug":"datenschutz","status":"publish","type":"page","link":"https:\/\/tagdc.tagsystems.com\/de-ch\/datenschutz\/","title":{"rendered":"Daten\u00adschutz"},"content":{"rendered":"\t\t<div data-elementor-type=\"wp-page\" data-elementor-id=\"3\" class=\"elementor elementor-3\" data-elementor-post-type=\"page\">\n\t\t\t\t\t\t<section class=\"elementor-section elementor-top-section elementor-element elementor-element-34374e83 elementor-section-boxed elementor-section-height-default elementor-section-height-default\" data-id=\"34374e83\" data-element_type=\"section\" data-settings=\"{&quot;background_background&quot;:&quot;classic&quot;}\">\n\t\t\t\t\t\t\t<div class=\"elementor-background-overlay\"><\/div>\n\t\t\t\t\t\t\t<div class=\"elementor-container elementor-column-gap-wider\">\n\t\t\t\t\t<div class=\"elementor-column elementor-col-100 elementor-top-column elementor-element elementor-element-3a1af132\" data-id=\"3a1af132\" data-element_type=\"column\">\n\t\t\t<div class=\"elementor-widget-wrap\">\n\t\t\t\t\t\t\t<\/div>\n\t\t<\/div>\n\t\t\t\t\t<\/div>\n\t\t<\/section>\n\t\t\t\t<section class=\"elementor-section elementor-top-section elementor-element elementor-element-6d8497c elementor-section-boxed elementor-section-height-default elementor-section-height-default\" data-id=\"6d8497c\" data-element_type=\"section\">\n\t\t\t\t\t\t<div class=\"elementor-container elementor-column-gap-wider\">\n\t\t\t\t\t<div class=\"elementor-column elementor-col-100 elementor-top-column elementor-element elementor-element-c1db95c\" data-id=\"c1db95c\" data-element_type=\"column\">\n\t\t\t<div class=\"elementor-widget-wrap elementor-element-populated\">\n\t\t\t\t\t\t<div class=\"elementor-element elementor-element-ac0ae60 elementor-widget elementor-widget-text-editor\" data-id=\"ac0ae60\" data-element_type=\"widget\" data-widget_type=\"text-editor.default\">\n\t\t\t\t<div class=\"elementor-widget-container\">\n\t\t\t\t\t\t\t\t\t\n<h1 class=\"wp-block-heading\">Daten\u00adschutz<\/h1>\n<div class=\"wp-block-spacer\" aria-hidden=\"true\">&nbsp;<\/div>\n<h3 class=\"wp-block-heading\">Daten\u00adschutz und \u2011sicherheit<\/h3>\n<p>Unsere Verar\u00adbeitung der perso\u00adnen\u00adbe\u00adzo\u00adgenen Daten unserer Nutzer beschr\u00e4nkt sich auf die Daten, die zur Bereit\u00adstellung einer funktio\u00adnie\u00adrenden Website und unserer Inhalte und Dienst\u00adleis\u00adtungen erfor\u00adderlich sind. Die Verar\u00adbeitung perso\u00adnen\u00adbe\u00adzo\u00adgener Daten unserer Nutzer erfolgt nur zu den unten aufge\u00adf\u00fchrten Zwecken und bei Vorliegen einer Rechts\u00adgrundlage (im Sinne der DSGVO). Es werden nur solche perso\u00adnen\u00adbe\u00adzo\u00adgenen Daten erhoben, die f\u00fcr die Durch\u00adf\u00fchrung und Abwicklung unserer Aufgaben und Dienste tats\u00e4chlich erfor\u00adderlich sind oder die Sie uns freiwillig zur Verf\u00fcgung gestellt haben.<\/p>\n<div class=\"wp-block-spacer\" aria-hidden=\"true\">&nbsp;<\/div>\n<h3 class=\"wp-block-heading\">I. Name und Anschrift des Verant\u00adwort\u00adlichen<\/h3>\n<p>TAG Systems AG<br>Pflug\u00adstrasse 20<br>LI-9490 Vaduz<br>Liech\u00adten\u00adstein<\/p>\n<p>eea@tagsystems.com<br>+423 376 50&nbsp;80<\/p>\n<div class=\"wp-block-spacer\" aria-hidden=\"true\">&nbsp;<\/div>\n<h3 class=\"wp-block-heading\">II. Beschreibung und Umfang der Daten\u00adver\u00adar\u00adbeitung<\/h3>\n<h4 class=\"wp-block-heading\">1. Bereit\u00adstellung der Website<\/h4>\n<p>Bei jedem Zugriff auf unsere Website erfasst unser System automa\u00adtisch Daten und Infor\u00adma\u00adtionen vom Compu\u00adter\u00adsystem des zugrei\u00adfenden Rechners.<\/p>\n<p>Die folgenden Daten werden hier erfasst:<\/p>\n<ul>\n<li>Datum und Uhrzeit des Zugriffs<\/li>\n<li>Die IP-Adresse des Benutzers<\/li>\n<li>Infor\u00adma\u00adtionen \u00fcber den Typ und die Version des verwen\u00addeten Browsers<\/li>\n<\/ul>\n<p>Wir speichern diese Infor\u00adma\u00adtionen f\u00fcr einen Zeitraum von maximal 30 Tagen. Die Speicherung erfolgt aus Gr\u00fcnden der Daten\u00adsi\u00adcherheit, um die Stabi\u00adlit\u00e4t und Betriebs\u00adsi\u00adcherheit unseres Systems zu gew\u00e4hr\u00adleisten.<\/p>\n<div class=\"wp-block-spacer\" aria-hidden=\"true\">&nbsp;<\/div>\n<h4 class=\"wp-block-heading\">2. Web-Analyse<\/h4>\n<p>Wir werten die Nutzung unserer Website mit dem Webana\u00adly\u00adsetool Matomo aus (Daten\u00adschutz\u00ader\u00adkl\u00e4rung finden Sie unter https:\/\/matomo.org\/privacy-policy\/). Zu diesem Zweck werden jedoch die automa\u00adtisch erhobenen IP-Adressen vor der Auswertung anony\u00admi\u00adsiert. Alle erstellten Analysen beruhen daher auf anony\u00admi\u00adsierten Daten\u00ads\u00e4tzen und es erfolgt keine perso\u00adnen\u00adbe\u00adzogene Auswertung. Die Webanalyse dient ausschliesslich der Optimierung der Website im Hinblick auf die Benut\u00adzer\u00adfreund\u00adlichkeit und die Bereit\u00adstellung von n\u00fctzlichen Infor\u00adma\u00adtionen \u00fcber unsere Dienst\u00adleis\u00adtungen. Eine Zusam\u00admen\u00adf\u00fchrung dieser Daten mit anderen perso\u00adnen\u00adbe\u00adzo\u00adgenen Daten\u00adquellen oder eine Weitergabe an Dritte erfolgt nicht.<\/p>\n<p>Neben den genannten Daten setzt Matomo auch so genannte \u201cCookies\u201d ein (siehe&nbsp;unten).<\/p>\n<p>Rechts\u00adgrundlage f\u00fcr die vor\u00fcber\u00adge\u00adhende Speicherung der Daten und der Logfiles ist Artikel 6 (1) (f)&nbsp;DSGVO.<\/p>\n<p>Eine perso\u00adnen\u00adbe\u00adzogene Auswertung findet nicht statt. Die Auswer\u00adtungen beruhen auf anony\u00admi\u00adsierten Daten\u00ads\u00e4tzen.<\/p>\n<div class=\"wp-block-spacer\" aria-hidden=\"true\">&nbsp;<\/div>\n<h4 class=\"wp-block-heading\">3. Cookies<\/h4>\n<p>Wir verwenden auf unserer Website Cookies, um unser Angebot nutzer\u00adfreundlich zu gestalten. Cookies sind kleine Dateien, die Ihr Browser automa\u00adtisch erstellt und die auf Ihrem Endger\u00e4t (Laptop, Tablet, Smart\u00adphone, etc.) gespei\u00adchert werden, wenn Sie unsere Seite besuchen. Die Cookies bleiben so lange gespei\u00adchert, bis Sie sie l\u00f6schen. Dies erm\u00f6g\u00adlicht es uns, Ihren Browser bei Ihrem n\u00e4chsten Besuch wieder\u00adzu\u00ader\u00adkennen.<\/p>\n<p>Wenn Sie dies nicht w\u00fcnschen, k\u00f6nnen Sie Ihren Browser so einstellen, dass er Sie \u00fcber das Setzen von Cookies infor\u00admiert und Sie diese im Einzelfall erlauben. Wir m\u00f6chten Sie jedoch darauf hinweisen, dass Sie bei einer Deakti\u00advierung nicht alle Funktionen unserer Website nutzen k\u00f6nnen.<\/p>\n<p>Rechts\u00adgrundlage f\u00fcr die durch Cookies verar\u00adbei\u00adteten Daten ist Artikel 6 (1) (f)&nbsp;DSGVO.<\/p>\n<div class=\"wp-block-spacer\" aria-hidden=\"true\">&nbsp;<\/div>\n<h4 class=\"wp-block-heading\">4. Real Cookie Banner<\/h4>\n<p>Diese Website verwendet Real Cookie Banner, das ein technisch notwen\u00addiges Cookie setzt, um Ihre Cookie-Zustimmung zu speichern.<\/p>\n<p>Real Cookie Banner verar\u00adbeitet keine perso\u00adnen\u00adbe\u00adzo\u00adgenen&nbsp;Daten.<\/p>\n<p>Das Real Cookie Banner-Cookie speichert die Zustimmung, die Sie beim Besuch der Website gegeben haben. Wenn Sie diese Zustimmung wider\u00adrufen m\u00f6chten, l\u00f6schen Sie einfach das Cookie in Ihrem Browser. Wenn Sie die Website erneut aufrufen\/laden, werden Sie erneut nach Ihrer Cookie-Einwil\u00adligung gefragt.<\/p>\n<div class=\"wp-block-spacer\" aria-hidden=\"true\">&nbsp;<\/div>\n<h4 class=\"wp-block-heading\">5. Google Web&nbsp;Fonts<\/h4>\n<p>Diese Website verwendet f\u00fcr die einheit\u00adliche Darstellung von Schrift\u00adarten sogenannte Web Fonts, die von Google bereit\u00adge\u00adstellt werden. Die Google Fonts sind lokal instal\u00adliert. Es besteht keine Verbindung zu Google-Servern.<\/p>\n<div class=\"wp-block-spacer\" aria-hidden=\"true\">&nbsp;<\/div>\n<h4 class=\"wp-block-heading\">6. Kontakt via Online Formular &amp; E\u2011Mail<\/h4>\n<p>Wenn Sie ein Kontakt\u2011, Gutschein\u00adbe\u00adstel\u00adlungs- oder Regis\u00adtrie\u00adrungs\u00adfor\u00admular ausf\u00fcllen oder uns eine E\u2011Mail oder eine andere elektro\u00adnische Nachricht senden, werden Ihre Angaben nur zur Bearbeitung der Anfrage und etwaiger damit verbun\u00addener weiterer Fragen verwendet und nur im Rahmen der Anfrage genutzt.<\/p>\n<p>Die Rechts\u00adgrundlage f\u00fcr die Bearbeitung Ihrer Anfrage ist Artikel 6 (1) (a) oder (b)&nbsp;DSGVO.<\/p>\n<p>Nach Erledigung Ihrer Anfrage werden wir Ihre perso\u00adnen\u00adbe\u00adzo\u00adgenen Daten l\u00f6schen.<\/p>\n<div class=\"wp-block-spacer\" aria-hidden=\"true\">&nbsp;<\/div>\n<h4 class=\"wp-block-heading\">7. Mitglie\u00adder\u00adbe\u00adreich<\/h4>\n<p>Kunden der&nbsp;<em>TAG Systems AG<\/em>&nbsp;k\u00f6nnen einen Zugang zum passwort\u00adge\u00adsch\u00fctzten Mitglie\u00adder\u00adbe\u00adreich erhalten. Zu diesem Zweck werden die E\u2011Mail, der Benut\u00adzername und ein Passwort erfasst und gespei\u00adchert.<\/p>\n<div class=\"wp-block-spacer\" aria-hidden=\"true\">&nbsp;<\/div>\n<h4 class=\"wp-block-heading\">8. Wordfense<\/h4>\n<p>Diese Website verwendet das WordPress-Plugin WordFence f\u00fcr Sicher\u00adheits\u00adzwecke. Der Anbieter ist Defiant, Inc. 800 5th Ave Ste 4100, Seattle, WA 98104, USA. Das Plugin sch\u00fctzt die Website vor Versuchen Dritter, sich unbefugt Zugang zur Website und damit zu perso\u00adnen\u00adbe\u00adzo\u00adgenen Daten zu verschaffen, Schad\u00adsoftware auf der Website einzu\u00adbetten oder andere illegale Aktivi\u00adt\u00e4ten durch\u00adzu\u00adf\u00fchren.<\/p>\n<p>Um das WordFence-Sicher\u00adheits-Plugin nutzen zu k\u00f6nnen, ist es notwendig, Ihre IP-Adresse zu speichern. Zu Ihrem Schutz und gem\u00e4ss unserer Konfi\u00adgu\u00adration wird diese Infor\u00admation jedoch nicht an den Defiant-Server in den USA \u00fcbermittelt.<\/p>\n<p>Defiant hat die Zerti\u00adfi\u00adzierung nach dem EU-US Privacy Shield beantragt (Stand: 6. Juni 2018). Das \u201cPrivacy Shield\u201d ist ein Abkommen zwischen der Europ\u00e4i\u00adschen Union (EU) und den USA, das die Einhaltung der europ\u00e4i\u00adschen Daten\u00adschutz\u00adstan\u00addards in den USA sicher\u00adstellen&nbsp;soll.<\/p>\n<p>WordFence wird einge\u00adsetzt, um die Sicherheit dieser Website zu erh\u00f6hen und damit auch die Sicherheit der Website-Nutzer zu gew\u00e4hr\u00adleisten. Dies stellt ein berech\u00adtigtes Interesse im Sinne von Artikel 6 (1) (f) DSGVO&nbsp;dar.<\/p>\n<p>Weitere Infor\u00adma\u00adtionen zum Umgang mit Nutzer\u00addaten finden Sie unter https:\/\/www.wordfence.com\/blog\/2018\/05\/wordfence-is-gdpr-compliant\/ und in der Daten\u00adschutz\u00adricht\u00adlinie von Defiant: https:\/\/www.wordfence.com\/ privacy-policy\/<\/p>\n<div class=\"wp-block-spacer\" aria-hidden=\"true\">&nbsp;<\/div>\n<h4 class=\"wp-block-heading\">9. Hosting<\/h4>\n<p>Diese Website wird von der TAG Systems AG gehostet. Die auf dieser Website erhobenen perso\u00adnen\u00adbe\u00adzo\u00adgenen Daten werden auf den Servern des Hosters gespei\u00adchert. Dies k\u00f6nnen u. a. IP-Adressen, Kontakt\u00adan\u00adfragen, Meta- und Kommu\u00adni\u00adka\u00adti\u00adons\u00addaten, Vertrags\u00addaten, Kontakt\u00addaten, Namen, Website-Zugriffe und andere \u00fcber eine Website generierte Daten&nbsp;sein.<\/p>\n<p>TAG Systems AG zum Zwecke der Vertrags\u00ader\u00adf\u00fcllung mit unseren poten\u00adti\u00adellen und bestehenden Kunden (Art. 6 Abs. 1 lit. b DSGVO) und im Interesse einer sicheren, schnellen und effizi\u00adenten Bereit\u00adstellung unseres Online\u00adan\u00adge\u00adbotes durch einen profes\u00adsio\u00adnellen Anbieter (Art. 6 Abs. 1 lit. f DSGVO) verwendet.<\/p>\n<p>Die TAG Systems AG wird Ihre Daten nur insoweit verar\u00adbeiten, als dies zur Erf\u00fcllung ihrer Leistungs\u00adpflichten erfor\u00adderlich ist und wird unsere Weisungen in Bezug auf diese Daten befolgen.<\/p>\n<div class=\"wp-block-spacer\" aria-hidden=\"true\">&nbsp;<\/div>\n<h3 class=\"wp-block-heading\">III. Daten\u00adsi\u00adcherheit<\/h3>\n<p>Innerhalb des Website-Besuchs verwenden wir das verbreitete TLS-Verfahren in Verbindung mit der h\u00f6chsten von Ihrem Browser unter\u00adst\u00fctzten Verschl\u00fcs\u00adse\u00adlungs\u00adstufe. Ob eine einzelne Seite unseres Inter\u00adnet\u00adauf\u00adtritts verschl\u00fcsselt \u00fcbertragen wird, erkennen Sie an der geschlos\u00adsenen Darstellung des Schl\u00fcssel- bzw. Schloss-Symbols in der Adress\u00adleiste Ihres Browsers.<\/p>\n<p>Dar\u00fcber hinaus setzen wir weitere geeignete technische und organi\u00adsa\u00adto\u00adrische Sicher\u00adheits\u00admass\u00adnahmen ein, um Ihre Daten gegen zuf\u00e4llige oder vors\u00e4tz\u00adliche Manipu\u00adla\u00adtionen, teilweisen oder vollst\u00e4n\u00addigen Verlust, Zerst\u00f6rung oder gegen den unbefugten Zugriff durch Dritte zu sch\u00fctzen. Unsere Sicher\u00adheits\u00admass\u00adnahmen werden entspre\u00adchend der techno\u00adlo\u00adgi\u00adschen Entwicklung fortlaufend verbessert.<\/p>\n<div class=\"wp-block-spacer\" aria-hidden=\"true\">&nbsp;<\/div>\n<h3 class=\"wp-block-heading\">IV. Ihre Rechte (Rechte der Betrof\u00adfenen)<\/h3>\n<p>Sie haben das Recht, Auskunft \u00fcber Ihre von uns verar\u00adbei\u00adteten perso\u00adnen\u00adbe\u00adzo\u00adgenen Daten zu verlangen. Insbe\u00adsondere k\u00f6nnen Sie Auskunft \u00fcber die Verar\u00adbei\u00adtungs\u00adzwecke, die Kategorien perso\u00adnen\u00adbe\u00adzo\u00adgener Daten, die Kategorien von Empf\u00e4ngern, an die Ihre Daten weiter\u00adge\u00adgeben wurden oder werden, die vorge\u00adsehene Speicher\u00addauer, das Bestehen eines Rechts auf Berich\u00adtigung, L\u00f6schung, Einschr\u00e4nkung der Verar\u00adbeitung oder Wider\u00adspruch, Daten\u00ad\u00fcber\u00adtrag\u00adbarkeit, die Herkunft Ihrer Daten, sofern sie nicht bei uns erhoben wurden, sowie \u00fcber das Bestehen einer automa\u00adti\u00adsierten Entschei\u00addungs\u00adfindung einschliesslich Profiling erhalten.<\/p>\n<p>Sie haben auch das Recht, eine eventuell erteilte Einwil\u00adligung in die Verwendung Ihrer perso\u00adnen\u00adbe\u00adzo\u00adgenen Daten jederzeit zu wider\u00adrufen.<\/p>\n<p>Sie k\u00f6nnen Ihre genannten Rechte jederzeit bei uns unter der angege\u00adbenen Kontakt\u00adadresse geltend machen.<\/p>\n<p>Sollten Sie der Ansicht sein, dass die Verar\u00adbeitung Ihrer perso\u00adnen\u00adbe\u00adzo\u00adgenen Daten durch uns den geltenden Daten\u00adschutz\u00adbe\u00adstim\u00admungen wider\u00adspricht, haben Sie die M\u00f6glichkeit, sich bei der Daten\u00adschutz\u00adbe\u00adh\u00f6rde des F\u00fcrstentums Liech\u00adten\u00adstein zu beschweren.<\/p>\n<p>&nbsp;<\/p>\n<p>[rcb-consent type=\u201cchange\u201d tag=\u201ca\u201d text=\u201cPrivatsph\u00e4re-Einstellungen \u00e4ndern\u201d]<\/p>\n\t\t\t\t\t\t\t\t<\/div>\n\t\t\t\t<\/div>\n\t\t\t\t\t<\/div>\n\t\t<\/div>\n\t\t\t\t\t<\/div>\n\t\t<\/section>\n\t\t\t\t<\/div>\n\t\t","protected":false},"excerpt":{"rendered":"<p>Daten\u00adschutz &nbsp; Daten\u00adschutz und \u2011sicherheit Unsere Verar\u00adbeitung der perso\u00adnen\u00adbe\u00adzo\u00adgenen Daten unserer Nutzer beschr\u00e4nkt sich auf die Daten, die zur Bereit\u00adstellung einer funktio\u00adnie\u00adrenden Website und unserer Inhalte und Dienst\u00adleis\u00adtungen erfor\u00adderlich sind. Die Verar\u00adbeitung perso\u00adnen\u00adbe\u00adzo\u00adgener Daten unserer Nutzer erfolgt nur zu den unten aufge\u00adf\u00fchrten Zwecken und bei Vorliegen einer Rechts\u00adgrundlage (im Sinne der DSGVO). Es werden nur\u2026<\/p>\n","protected":false},"author":2,"featured_media":0,"parent":0,"menu_order":0,"comment_status":"closed","ping_status":"closed","template":"","meta":{"wp_typography_post_enhancements_disabled":false,"footnotes":""},"class_list":["post-3","page","type-page","status-publish","hentry"],"yoast_head":"<!-- This site is optimized with the Yoast SEO plugin v26.6 - https:\/\/yoast.com\/wordpress\/plugins\/seo\/ -->\n<title>Datenschutz - TAG Data Center &amp; Networks<\/title>\n<meta name=\"robots\" content=\"index, follow, max-snippet:-1, max-image-preview:large, max-video-preview:-1\" \/>\n<link rel=\"canonical\" href=\"https:\/\/tagdc.tagsystems.com\/de-ch\/datenschutz\/\" \/>\n<meta property=\"og:locale\" content=\"de_DE\" \/>\n<meta property=\"og:type\" content=\"article\" \/>\n<meta property=\"og:title\" content=\"Datenschutz - TAG Data Center &amp; Networks\" \/>\n<meta property=\"og:description\" content=\"Daten\u00adschutz &nbsp; Daten\u00adschutz und \u2011sicherheit Unsere Verar\u00adbeitung der perso\u00adnen\u00adbe\u00adzo\u00adgenen Daten unserer Nutzer beschr\u00e4nkt sich auf die Daten, die zur Bereit\u00adstellung einer funktio\u00adnie\u00adrenden Website und unserer Inhalte und Dienst\u00adleis\u00adtungen erfor\u00adderlich sind. Die Verar\u00adbeitung perso\u00adnen\u00adbe\u00adzo\u00adgener Daten unserer Nutzer erfolgt nur zu den unten aufge\u00adf\u00fchrten Zwecken und bei Vorliegen einer Rechts\u00adgrundlage (im Sinne der DSGVO). Es werden nur&hellip;\" \/>\n<meta property=\"og:url\" content=\"https:\/\/tagdc.tagsystems.com\/de-ch\/datenschutz\/\" \/>\n<meta property=\"og:site_name\" content=\"TAG Data Center &amp; Networks\" \/>\n<meta property=\"article:modified_time\" content=\"2024-06-26T13:47:55+00:00\" \/>\n<meta name=\"twitter:card\" content=\"summary_large_image\" \/>\n<meta name=\"twitter:label1\" content=\"Gesch\u00e4tzte Lesezeit\" \/>\n\t<meta name=\"twitter:data1\" content=\"7\u00a0Minuten\" \/>\n<script type=\"application\/ld+json\" class=\"yoast-schema-graph\">{\"@context\":\"https:\/\/schema.org\",\"@graph\":[{\"@type\":\"WebPage\",\"@id\":\"https:\/\/tagdc.tagsystems.com\/de-ch\/datenschutz\/\",\"url\":\"https:\/\/tagdc.tagsystems.com\/de-ch\/datenschutz\/\",\"name\":\"Datenschutz - TAG Data Center &amp; Networks\",\"isPartOf\":{\"@id\":\"https:\/\/tagdc.tagsystems.com\/de-ch\/#website\"},\"datePublished\":\"2023-02-07T09:08:53+00:00\",\"dateModified\":\"2024-06-26T13:47:55+00:00\",\"breadcrumb\":{\"@id\":\"https:\/\/tagdc.tagsystems.com\/de-ch\/datenschutz\/#breadcrumb\"},\"inLanguage\":\"de\",\"potentialAction\":[{\"@type\":\"ReadAction\",\"target\":[\"https:\/\/tagdc.tagsystems.com\/de-ch\/datenschutz\/\"]}]},{\"@type\":\"BreadcrumbList\",\"@id\":\"https:\/\/tagdc.tagsystems.com\/de-ch\/datenschutz\/#breadcrumb\",\"itemListElement\":[{\"@type\":\"ListItem\",\"position\":1,\"name\":\"Startseite\",\"item\":\"https:\/\/tagdc.tagsystems.com\/de-ch\/\"},{\"@type\":\"ListItem\",\"position\":2,\"name\":\"Datenschutz\"}]},{\"@type\":\"WebSite\",\"@id\":\"https:\/\/tagdc.tagsystems.com\/de-ch\/#website\",\"url\":\"https:\/\/tagdc.tagsystems.com\/de-ch\/\",\"name\":\"TAG Data Center &amp; Networks\",\"description\":\"Hosting infrastructure geared towards high-end managed colocation, dedicated servers, cloud and custom hardware configurations.\",\"publisher\":{\"@id\":\"https:\/\/tagdc.tagsystems.com\/de-ch\/#organization\"},\"potentialAction\":[{\"@type\":\"SearchAction\",\"target\":{\"@type\":\"EntryPoint\",\"urlTemplate\":\"https:\/\/tagdc.tagsystems.com\/de-ch\/?s={search_term_string}\"},\"query-input\":{\"@type\":\"PropertyValueSpecification\",\"valueRequired\":true,\"valueName\":\"search_term_string\"}}],\"inLanguage\":\"de\"},{\"@type\":\"Organization\",\"@id\":\"https:\/\/tagdc.tagsystems.com\/de-ch\/#organization\",\"name\":\"TAG Data Center &amp; Networks\",\"url\":\"https:\/\/tagdc.tagsystems.com\/de-ch\/\",\"logo\":{\"@type\":\"ImageObject\",\"inLanguage\":\"de\",\"@id\":\"https:\/\/tagdc.tagsystems.com\/de-ch\/#\/schema\/logo\/image\/\",\"url\":\"https:\/\/tagdc.tagsystems.com\/de-ch\/wp-content\/uploads\/sites\/2\/2023\/04\/TAG_datacenter_networks_logo_white.svg\",\"contentUrl\":\"https:\/\/tagdc.tagsystems.com\/de-ch\/wp-content\/uploads\/sites\/2\/2023\/04\/TAG_datacenter_networks_logo_white.svg\",\"width\":8192,\"height\":1357,\"caption\":\"TAG Data Center &amp; Networks\"},\"image\":{\"@id\":\"https:\/\/tagdc.tagsystems.com\/de-ch\/#\/schema\/logo\/image\/\"}}]}<\/script>\n<!-- \/ Yoast SEO plugin. -->","yoast_head_json":{"title":"Datenschutz - TAG Data Center &amp; Networks","robots":{"index":"index","follow":"follow","max-snippet":"max-snippet:-1","max-image-preview":"max-image-preview:large","max-video-preview":"max-video-preview:-1"},"canonical":"https:\/\/tagdc.tagsystems.com\/de-ch\/datenschutz\/","og_locale":"de_DE","og_type":"article","og_title":"Datenschutz - TAG Data Center &amp; Networks","og_description":"Daten\u00adschutz &nbsp; Daten\u00adschutz und \u2011sicherheit Unsere Verar\u00adbeitung der perso\u00adnen\u00adbe\u00adzo\u00adgenen Daten unserer Nutzer beschr\u00e4nkt sich auf die Daten, die zur Bereit\u00adstellung einer funktio\u00adnie\u00adrenden Website und unserer Inhalte und Dienst\u00adleis\u00adtungen erfor\u00adderlich sind. Die Verar\u00adbeitung perso\u00adnen\u00adbe\u00adzo\u00adgener Daten unserer Nutzer erfolgt nur zu den unten aufge\u00adf\u00fchrten Zwecken und bei Vorliegen einer Rechts\u00adgrundlage (im Sinne der DSGVO). Es werden nur&hellip;","og_url":"https:\/\/tagdc.tagsystems.com\/de-ch\/datenschutz\/","og_site_name":"TAG Data Center &amp; Networks","article_modified_time":"2024-06-26T13:47:55+00:00","twitter_card":"summary_large_image","twitter_misc":{"Gesch\u00e4tzte Lesezeit":"7\u00a0Minuten"},"schema":{"@context":"https:\/\/schema.org","@graph":[{"@type":"WebPage","@id":"https:\/\/tagdc.tagsystems.com\/de-ch\/datenschutz\/","url":"https:\/\/tagdc.tagsystems.com\/de-ch\/datenschutz\/","name":"Datenschutz - TAG Data Center &amp; Networks","isPartOf":{"@id":"https:\/\/tagdc.tagsystems.com\/de-ch\/#website"},"datePublished":"2023-02-07T09:08:53+00:00","dateModified":"2024-06-26T13:47:55+00:00","breadcrumb":{"@id":"https:\/\/tagdc.tagsystems.com\/de-ch\/datenschutz\/#breadcrumb"},"inLanguage":"de","potentialAction":[{"@type":"ReadAction","target":["https:\/\/tagdc.tagsystems.com\/de-ch\/datenschutz\/"]}]},{"@type":"BreadcrumbList","@id":"https:\/\/tagdc.tagsystems.com\/de-ch\/datenschutz\/#breadcrumb","itemListElement":[{"@type":"ListItem","position":1,"name":"Startseite","item":"https:\/\/tagdc.tagsystems.com\/de-ch\/"},{"@type":"ListItem","position":2,"name":"Datenschutz"}]},{"@type":"WebSite","@id":"https:\/\/tagdc.tagsystems.com\/de-ch\/#website","url":"https:\/\/tagdc.tagsystems.com\/de-ch\/","name":"TAG Data Center &amp; Networks","description":"Hosting infrastructure geared towards high-end managed colocation, dedicated servers, cloud and custom hardware configurations.","publisher":{"@id":"https:\/\/tagdc.tagsystems.com\/de-ch\/#organization"},"potentialAction":[{"@type":"SearchAction","target":{"@type":"EntryPoint","urlTemplate":"https:\/\/tagdc.tagsystems.com\/de-ch\/?s={search_term_string}"},"query-input":{"@type":"PropertyValueSpecification","valueRequired":true,"valueName":"search_term_string"}}],"inLanguage":"de"},{"@type":"Organization","@id":"https:\/\/tagdc.tagsystems.com\/de-ch\/#organization","name":"TAG Data Center &amp; Networks","url":"https:\/\/tagdc.tagsystems.com\/de-ch\/","logo":{"@type":"ImageObject","inLanguage":"de","@id":"https:\/\/tagdc.tagsystems.com\/de-ch\/#\/schema\/logo\/image\/","url":"https:\/\/tagdc.tagsystems.com\/de-ch\/wp-content\/uploads\/sites\/2\/2023\/04\/TAG_datacenter_networks_logo_white.svg","contentUrl":"https:\/\/tagdc.tagsystems.com\/de-ch\/wp-content\/uploads\/sites\/2\/2023\/04\/TAG_datacenter_networks_logo_white.svg","width":8192,"height":1357,"caption":"TAG Data Center &amp; Networks"},"image":{"@id":"https:\/\/tagdc.tagsystems.com\/de-ch\/#\/schema\/logo\/image\/"}}]}},"_links":{"self":[{"href":"https:\/\/tagdc.tagsystems.com\/de-ch\/wp-json\/wp\/v2\/pages\/3","targetHints":{"allow":["GET"]}}],"collection":[{"href":"https:\/\/tagdc.tagsystems.com\/de-ch\/wp-json\/wp\/v2\/pages"}],"about":[{"href":"https:\/\/tagdc.tagsystems.com\/de-ch\/wp-json\/wp\/v2\/types\/page"}],"author":[{"embeddable":true,"href":"https:\/\/tagdc.tagsystems.com\/de-ch\/wp-json\/wp\/v2\/users\/2"}],"replies":[{"embeddable":true,"href":"https:\/\/tagdc.tagsystems.com\/de-ch\/wp-json\/wp\/v2\/comments?post=3"}],"version-history":[{"count":22,"href":"https:\/\/tagdc.tagsystems.com\/de-ch\/wp-json\/wp\/v2\/pages\/3\/revisions"}],"predecessor-version":[{"id":11359,"href":"https:\/\/tagdc.tagsystems.com\/de-ch\/wp-json\/wp\/v2\/pages\/3\/revisions\/11359"}],"wp:attachment":[{"href":"https:\/\/tagdc.tagsystems.com\/de-ch\/wp-json\/wp\/v2\/media?parent=3"}],"curies":[{"name":"wp","href":"https:\/\/api.w.org\/{rel}","templated":true}]}}