{"id":5475,"date":"2021-10-01T13:01:38","date_gmt":"2021-10-01T13:01:38","guid":{"rendered":"https:\/\/the7.io\/business-advisors\/?page_id=5475"},"modified":"2025-12-15T12:48:31","modified_gmt":"2025-12-15T11:48:31","slug":"impressum","status":"publish","type":"page","link":"https:\/\/tagdc.tagsystems.com\/de-ch\/impressum\/","title":{"rendered":"Impressum"},"content":{"rendered":"\t\t<div data-elementor-type=\"wp-page\" data-elementor-id=\"5475\" class=\"elementor elementor-5475\" data-elementor-post-type=\"page\">\n\t\t\t\t\t\t<section class=\"elementor-section elementor-top-section elementor-element elementor-element-bd9e9d3 elementor-section-boxed elementor-section-height-default elementor-section-height-default\" data-id=\"bd9e9d3\" data-element_type=\"section\" data-settings=\"{&quot;background_background&quot;:&quot;classic&quot;}\">\n\t\t\t\t\t\t\t<div class=\"elementor-background-overlay\"><\/div>\n\t\t\t\t\t\t\t<div class=\"elementor-container elementor-column-gap-wider\">\n\t\t\t\t\t<div class=\"elementor-column elementor-col-100 elementor-top-column elementor-element elementor-element-94c5a7a\" data-id=\"94c5a7a\" data-element_type=\"column\">\n\t\t\t<div class=\"elementor-widget-wrap\">\n\t\t\t\t\t\t\t<\/div>\n\t\t<\/div>\n\t\t\t\t\t<\/div>\n\t\t<\/section>\n\t\t\t\t<section class=\"elementor-section elementor-top-section elementor-element elementor-element-59d6766 elementor-section-boxed elementor-section-height-default elementor-section-height-default\" data-id=\"59d6766\" data-element_type=\"section\">\n\t\t\t\t\t\t<div class=\"elementor-container elementor-column-gap-wider\">\n\t\t\t\t\t<div class=\"elementor-column elementor-col-100 elementor-top-column elementor-element elementor-element-9540f5b\" data-id=\"9540f5b\" data-element_type=\"column\">\n\t\t\t<div class=\"elementor-widget-wrap elementor-element-populated\">\n\t\t\t\t\t\t<div class=\"elementor-element elementor-element-66d0bd5 elementor-widget elementor-widget-text-editor\" data-id=\"66d0bd5\" data-element_type=\"widget\" data-widget_type=\"text-editor.default\">\n\t\t\t\t<div class=\"elementor-widget-container\">\n\t\t\t\t\t\t\t\t\t<h1 class=\"wp-block-heading\">Impressum<\/h1><div class=\"wp-block-spacer\" aria-hidden=\"true\">&nbsp;<\/div><h3 class=\"wp-block-heading\">Verant\u00adwortlich f\u00fcr den Inhalt:<\/h3><p>TAG Systems&nbsp;AG<\/p><p>Das Impressum gilt auch f\u00fcr folgende Social-Media-Profile: www.facebook.com www.twitter.com www.youtube.com www.instagram.com<\/p><div class=\"wp-block-spacer\" aria-hidden=\"true\">&nbsp;<\/div><h3 class=\"wp-block-heading\">Ver\u00f6f\u00adfent\u00adli\u00adchung und Verwaltung von Inhalten:<\/h3><p>TAG Systems AG<br>Pflug\u00adstrasse 22<br>9490 Vaduz<br>Liech\u00adten\u00adstein<\/p><p>T: +423 376 50 80<br>info@tagsystems.com<\/p><p>Handels\u00adre\u00adgis\u00adter\u00adnummer: FL-0002.472.924\u20139<br>Handels\u00adre\u00adgister des F\u00fcrstentums Liech\u00adten\u00adstein<br>Ort der gericht\u00adlichen Zust\u00e4n\u00addigkeit:&nbsp;Vaduz<\/p><div class=\"wp-block-spacer\" aria-hidden=\"true\">&nbsp;<\/div><h3 class=\"wp-block-heading\">Haftung f\u00fcr Inhalte<\/h3><p>Die Inhalte dieser Seiten werden mit gr\u00f6sster Sorgfalt erstellt. F\u00fcr die Richtigkeit,<br>kann jedoch keine Haftung f\u00fcr die Vollst\u00e4n\u00addigkeit und Aktua\u00adlit\u00e4t dieser Inhalte \u00fcbernommen werden.<\/p><div class=\"wp-block-spacer\" aria-hidden=\"true\">&nbsp;<\/div><h3 class=\"wp-block-heading\">Bildnachweis &amp; Copyright<\/h3><p><em>TAG Systems AG, TAG Data Center &amp; Networks<\/em>&nbsp;und alle Marken, das Logo des Unter\u00adnehmens und seiner Produkte, alle Gestal\u00adtungs\u00adele\u00admente, Bilder und Texte auf der Website sind urheber\u00adrechtlich gesch\u00fctzt.<br>Verwendete Bilder\u00adquellen:&nbsp;<em>TAG Systems AG, Stein\u00adCastle GmbH, Deposit\u00adphotos, Envato Market\u00adplace<\/em>.<\/p>\t\t\t\t\t\t\t\t<\/div>\n\t\t\t\t<\/div>\n\t\t\t\t\t<\/div>\n\t\t<\/div>\n\t\t\t\t\t<\/div>\n\t\t<\/section>\n\t\t\t\t<\/div>\n\t\t","protected":false},"excerpt":{"rendered":"<p>Impressum &nbsp; Verant\u00adwortlich f\u00fcr den Inhalt: TAG Systems&nbsp;AG Das Impressum gilt auch f\u00fcr folgende Social-Media-Profile: www.facebook.com www.twitter.com www.youtube.com www.instagram.com &nbsp; Ver\u00f6f\u00adfent\u00adli\u00adchung und Verwaltung von Inhalten: TAG Systems AGPflug\u00adstrasse 229490 VaduzLiech\u00adten\u00adstein T: +423 376 50 80info@tagsystems.com Handels\u00adre\u00adgis\u00adter\u00adnummer: FL-0002.472.924\u20139Handels\u00adre\u00adgister des F\u00fcrstentums Liech\u00adten\u00adsteinOrt der gericht\u00adlichen Zust\u00e4n\u00addigkeit:&nbsp;Vaduz &nbsp; Haftung f\u00fcr Inhalte Die Inhalte dieser Seiten werden mit gr\u00f6sster Sorgfalt\u2026<\/p>\n","protected":false},"author":2,"featured_media":0,"parent":0,"menu_order":800,"comment_status":"closed","ping_status":"closed","template":"","meta":{"wp_typography_post_enhancements_disabled":false,"footnotes":""},"class_list":["post-5475","page","type-page","status-publish","hentry"],"yoast_head":"<!-- This site is optimized with the Yoast SEO plugin v26.6 - https:\/\/yoast.com\/wordpress\/plugins\/seo\/ -->\n<title>Impressum - TAG Data Center &amp; Networks<\/title>\n<meta name=\"robots\" content=\"index, follow, max-snippet:-1, max-image-preview:large, max-video-preview:-1\" \/>\n<link rel=\"canonical\" href=\"https:\/\/tagdc.tagsystems.com\/de-ch\/impressum\/\" \/>\n<meta property=\"og:locale\" content=\"de_DE\" \/>\n<meta property=\"og:type\" content=\"article\" \/>\n<meta property=\"og:title\" content=\"Impressum - TAG Data Center &amp; Networks\" \/>\n<meta property=\"og:description\" content=\"Impressum &nbsp; Verant\u00adwortlich f\u00fcr den Inhalt: TAG Systems&nbsp;AG Das Impressum gilt auch f\u00fcr folgende Social-Media-Profile: www.facebook.com www.twitter.com www.youtube.com www.instagram.com &nbsp; Ver\u00f6f\u00adfent\u00adli\u00adchung und Verwaltung von Inhalten: TAG Systems AGPflug\u00adstrasse 229490 VaduzLiech\u00adten\u00adstein T: +423 376 50 80info@tagsystems.com Handels\u00adre\u00adgis\u00adter\u00adnummer: FL-0002.472.924\u20139Handels\u00adre\u00adgister des F\u00fcrstentums Liech\u00adten\u00adsteinOrt der gericht\u00adlichen Zust\u00e4n\u00addigkeit:&nbsp;Vaduz &nbsp; Haftung f\u00fcr Inhalte Die Inhalte dieser Seiten werden mit gr\u00f6sster Sorgfalt&hellip;\" \/>\n<meta property=\"og:url\" content=\"https:\/\/tagdc.tagsystems.com\/de-ch\/impressum\/\" \/>\n<meta property=\"og:site_name\" content=\"TAG Data Center &amp; Networks\" \/>\n<meta property=\"article:modified_time\" content=\"2025-12-15T11:48:31+00:00\" \/>\n<meta name=\"twitter:card\" content=\"summary_large_image\" \/>\n<meta name=\"twitter:label1\" content=\"Gesch\u00e4tzte Lesezeit\" \/>\n\t<meta name=\"twitter:data1\" content=\"1\u00a0Minute\" \/>\n<script type=\"application\/ld+json\" class=\"yoast-schema-graph\">{\"@context\":\"https:\/\/schema.org\",\"@graph\":[{\"@type\":\"WebPage\",\"@id\":\"https:\/\/tagdc.tagsystems.com\/de-ch\/impressum\/\",\"url\":\"https:\/\/tagdc.tagsystems.com\/de-ch\/impressum\/\",\"name\":\"Impressum - TAG Data Center &amp; Networks\",\"isPartOf\":{\"@id\":\"https:\/\/tagdc.tagsystems.com\/de-ch\/#website\"},\"datePublished\":\"2021-10-01T13:01:38+00:00\",\"dateModified\":\"2025-12-15T11:48:31+00:00\",\"breadcrumb\":{\"@id\":\"https:\/\/tagdc.tagsystems.com\/de-ch\/impressum\/#breadcrumb\"},\"inLanguage\":\"de\",\"potentialAction\":[{\"@type\":\"ReadAction\",\"target\":[\"https:\/\/tagdc.tagsystems.com\/de-ch\/impressum\/\"]}]},{\"@type\":\"BreadcrumbList\",\"@id\":\"https:\/\/tagdc.tagsystems.com\/de-ch\/impressum\/#breadcrumb\",\"itemListElement\":[{\"@type\":\"ListItem\",\"position\":1,\"name\":\"Startseite\",\"item\":\"https:\/\/tagdc.tagsystems.com\/de-ch\/\"},{\"@type\":\"ListItem\",\"position\":2,\"name\":\"Impressum\"}]},{\"@type\":\"WebSite\",\"@id\":\"https:\/\/tagdc.tagsystems.com\/de-ch\/#website\",\"url\":\"https:\/\/tagdc.tagsystems.com\/de-ch\/\",\"name\":\"TAG Data Center &amp; Networks\",\"description\":\"Hosting infrastructure geared towards high-end managed colocation, dedicated servers, cloud and custom hardware configurations.\",\"publisher\":{\"@id\":\"https:\/\/tagdc.tagsystems.com\/de-ch\/#organization\"},\"potentialAction\":[{\"@type\":\"SearchAction\",\"target\":{\"@type\":\"EntryPoint\",\"urlTemplate\":\"https:\/\/tagdc.tagsystems.com\/de-ch\/?s={search_term_string}\"},\"query-input\":{\"@type\":\"PropertyValueSpecification\",\"valueRequired\":true,\"valueName\":\"search_term_string\"}}],\"inLanguage\":\"de\"},{\"@type\":\"Organization\",\"@id\":\"https:\/\/tagdc.tagsystems.com\/de-ch\/#organization\",\"name\":\"TAG Data Center &amp; Networks\",\"url\":\"https:\/\/tagdc.tagsystems.com\/de-ch\/\",\"logo\":{\"@type\":\"ImageObject\",\"inLanguage\":\"de\",\"@id\":\"https:\/\/tagdc.tagsystems.com\/de-ch\/#\/schema\/logo\/image\/\",\"url\":\"https:\/\/tagdc.tagsystems.com\/de-ch\/wp-content\/uploads\/sites\/2\/2023\/04\/TAG_datacenter_networks_logo_white.svg\",\"contentUrl\":\"https:\/\/tagdc.tagsystems.com\/de-ch\/wp-content\/uploads\/sites\/2\/2023\/04\/TAG_datacenter_networks_logo_white.svg\",\"width\":8192,\"height\":1357,\"caption\":\"TAG Data Center &amp; Networks\"},\"image\":{\"@id\":\"https:\/\/tagdc.tagsystems.com\/de-ch\/#\/schema\/logo\/image\/\"}}]}<\/script>\n<!-- \/ Yoast SEO plugin. -->","yoast_head_json":{"title":"Impressum - TAG Data Center &amp; Networks","robots":{"index":"index","follow":"follow","max-snippet":"max-snippet:-1","max-image-preview":"max-image-preview:large","max-video-preview":"max-video-preview:-1"},"canonical":"https:\/\/tagdc.tagsystems.com\/de-ch\/impressum\/","og_locale":"de_DE","og_type":"article","og_title":"Impressum - TAG Data Center &amp; Networks","og_description":"Impressum &nbsp; Verant\u00adwortlich f\u00fcr den Inhalt: TAG Systems&nbsp;AG Das Impressum gilt auch f\u00fcr folgende Social-Media-Profile: www.facebook.com www.twitter.com www.youtube.com www.instagram.com &nbsp; Ver\u00f6f\u00adfent\u00adli\u00adchung und Verwaltung von Inhalten: TAG Systems AGPflug\u00adstrasse 229490 VaduzLiech\u00adten\u00adstein T: +423 376 50 80info@tagsystems.com Handels\u00adre\u00adgis\u00adter\u00adnummer: FL-0002.472.924\u20139Handels\u00adre\u00adgister des F\u00fcrstentums Liech\u00adten\u00adsteinOrt der gericht\u00adlichen Zust\u00e4n\u00addigkeit:&nbsp;Vaduz &nbsp; Haftung f\u00fcr Inhalte Die Inhalte dieser Seiten werden mit gr\u00f6sster Sorgfalt&hellip;","og_url":"https:\/\/tagdc.tagsystems.com\/de-ch\/impressum\/","og_site_name":"TAG Data Center &amp; Networks","article_modified_time":"2025-12-15T11:48:31+00:00","twitter_card":"summary_large_image","twitter_misc":{"Gesch\u00e4tzte Lesezeit":"1\u00a0Minute"},"schema":{"@context":"https:\/\/schema.org","@graph":[{"@type":"WebPage","@id":"https:\/\/tagdc.tagsystems.com\/de-ch\/impressum\/","url":"https:\/\/tagdc.tagsystems.com\/de-ch\/impressum\/","name":"Impressum - TAG Data Center &amp; Networks","isPartOf":{"@id":"https:\/\/tagdc.tagsystems.com\/de-ch\/#website"},"datePublished":"2021-10-01T13:01:38+00:00","dateModified":"2025-12-15T11:48:31+00:00","breadcrumb":{"@id":"https:\/\/tagdc.tagsystems.com\/de-ch\/impressum\/#breadcrumb"},"inLanguage":"de","potentialAction":[{"@type":"ReadAction","target":["https:\/\/tagdc.tagsystems.com\/de-ch\/impressum\/"]}]},{"@type":"BreadcrumbList","@id":"https:\/\/tagdc.tagsystems.com\/de-ch\/impressum\/#breadcrumb","itemListElement":[{"@type":"ListItem","position":1,"name":"Startseite","item":"https:\/\/tagdc.tagsystems.com\/de-ch\/"},{"@type":"ListItem","position":2,"name":"Impressum"}]},{"@type":"WebSite","@id":"https:\/\/tagdc.tagsystems.com\/de-ch\/#website","url":"https:\/\/tagdc.tagsystems.com\/de-ch\/","name":"TAG Data Center &amp; Networks","description":"Hosting infrastructure geared towards high-end managed colocation, dedicated servers, cloud and custom hardware configurations.","publisher":{"@id":"https:\/\/tagdc.tagsystems.com\/de-ch\/#organization"},"potentialAction":[{"@type":"SearchAction","target":{"@type":"EntryPoint","urlTemplate":"https:\/\/tagdc.tagsystems.com\/de-ch\/?s={search_term_string}"},"query-input":{"@type":"PropertyValueSpecification","valueRequired":true,"valueName":"search_term_string"}}],"inLanguage":"de"},{"@type":"Organization","@id":"https:\/\/tagdc.tagsystems.com\/de-ch\/#organization","name":"TAG Data Center &amp; Networks","url":"https:\/\/tagdc.tagsystems.com\/de-ch\/","logo":{"@type":"ImageObject","inLanguage":"de","@id":"https:\/\/tagdc.tagsystems.com\/de-ch\/#\/schema\/logo\/image\/","url":"https:\/\/tagdc.tagsystems.com\/de-ch\/wp-content\/uploads\/sites\/2\/2023\/04\/TAG_datacenter_networks_logo_white.svg","contentUrl":"https:\/\/tagdc.tagsystems.com\/de-ch\/wp-content\/uploads\/sites\/2\/2023\/04\/TAG_datacenter_networks_logo_white.svg","width":8192,"height":1357,"caption":"TAG Data Center &amp; Networks"},"image":{"@id":"https:\/\/tagdc.tagsystems.com\/de-ch\/#\/schema\/logo\/image\/"}}]}},"_links":{"self":[{"href":"https:\/\/tagdc.tagsystems.com\/de-ch\/wp-json\/wp\/v2\/pages\/5475","targetHints":{"allow":["GET"]}}],"collection":[{"href":"https:\/\/tagdc.tagsystems.com\/de-ch\/wp-json\/wp\/v2\/pages"}],"about":[{"href":"https:\/\/tagdc.tagsystems.com\/de-ch\/wp-json\/wp\/v2\/types\/page"}],"author":[{"embeddable":true,"href":"https:\/\/tagdc.tagsystems.com\/de-ch\/wp-json\/wp\/v2\/users\/2"}],"replies":[{"embeddable":true,"href":"https:\/\/tagdc.tagsystems.com\/de-ch\/wp-json\/wp\/v2\/comments?post=5475"}],"version-history":[{"count":23,"href":"https:\/\/tagdc.tagsystems.com\/de-ch\/wp-json\/wp\/v2\/pages\/5475\/revisions"}],"predecessor-version":[{"id":11520,"href":"https:\/\/tagdc.tagsystems.com\/de-ch\/wp-json\/wp\/v2\/pages\/5475\/revisions\/11520"}],"wp:attachment":[{"href":"https:\/\/tagdc.tagsystems.com\/de-ch\/wp-json\/wp\/v2\/media?parent=5475"}],"curies":[{"name":"wp","href":"https:\/\/api.w.org\/{rel}","templated":true}]}}