{"id":1479,"date":"2019-10-16T16:11:29","date_gmt":"2019-10-16T16:11:29","guid":{"rendered":"https:\/\/the7.io\/company\/?page_id=1479"},"modified":"2023-05-16T13:11:30","modified_gmt":"2023-05-16T13:11:30","slug":"empresa","status":"publish","type":"page","link":"https:\/\/tagdc.tagsystems.com\/es-cr\/empresa\/","title":{"rendered":"Empresa"},"content":{"rendered":"\t\t<div data-elementor-type=\"wp-page\" data-elementor-id=\"1479\" class=\"elementor elementor-1479\" data-elementor-post-type=\"page\">\n\t\t\t\t\t\t<section class=\"elementor-section elementor-top-section elementor-element elementor-element-aae7e1b elementor-reverse-tablet elementor-reverse-mobile elementor-section-height-min-height elementor-section-boxed elementor-section-height-default elementor-section-items-middle\" data-id=\"aae7e1b\" data-element_type=\"section\" data-settings=\"{&quot;background_background&quot;:&quot;classic&quot;}\">\n\t\t\t\t\t\t\t<div class=\"elementor-background-overlay\"><\/div>\n\t\t\t\t\t\t\t<div class=\"elementor-container elementor-column-gap-wider\">\n\t\t\t\t\t<div class=\"elementor-column elementor-col-100 elementor-top-column elementor-element elementor-element-f77f67b\" data-id=\"f77f67b\" data-element_type=\"column\">\n\t\t\t<div class=\"elementor-widget-wrap elementor-element-populated\">\n\t\t\t\t\t\t<div class=\"elementor-element elementor-element-61a40ca elementor-widget elementor-widget-heading\" data-id=\"61a40ca\" data-element_type=\"widget\" data-widget_type=\"heading.default\">\n\t\t\t\t<div class=\"elementor-widget-container\">\n\t\t\t\t\t<h2 class=\"elementor-heading-title elementor-size-default\">Informaci\u00f3n de la empresa<\/h2>\t\t\t\t<\/div>\n\t\t\t\t<\/div>\n\t\t\t\t<div class=\"elementor-element elementor-element-bcc5ac5 elementor-widget elementor-widget-spacer\" data-id=\"bcc5ac5\" data-element_type=\"widget\" data-widget_type=\"spacer.default\">\n\t\t\t\t<div class=\"elementor-widget-container\">\n\t\t\t\t\t\t\t<div class=\"elementor-spacer\">\n\t\t\t<div class=\"elementor-spacer-inner\"><\/div>\n\t\t<\/div>\n\t\t\t\t\t\t<\/div>\n\t\t\t\t<\/div>\n\t\t\t\t\t<\/div>\n\t\t<\/div>\n\t\t\t\t\t<\/div>\n\t\t<\/section>\n\t\t\t\t<section class=\"elementor-section elementor-top-section elementor-element elementor-element-a3bc6fd elementor-section-boxed elementor-section-height-default elementor-section-height-default\" data-id=\"a3bc6fd\" data-element_type=\"section\" data-settings=\"{&quot;background_background&quot;:&quot;classic&quot;}\">\n\t\t\t\t\t\t<div class=\"elementor-container elementor-column-gap-wider\">\n\t\t\t\t\t<div class=\"elementor-column elementor-col-100 elementor-top-column elementor-element elementor-element-7f79b6a\" data-id=\"7f79b6a\" data-element_type=\"column\">\n\t\t\t<div class=\"elementor-widget-wrap elementor-element-populated\">\n\t\t\t\t\t\t<div class=\"elementor-element elementor-element-1dd1218 elementor-widget elementor-widget-heading\" data-id=\"1dd1218\" data-element_type=\"widget\" data-widget_type=\"heading.default\">\n\t\t\t\t<div class=\"elementor-widget-container\">\n\t\t\t\t\t<h3 class=\"elementor-heading-title elementor-size-default\">\u00bfPor qu\u00e9 TAG?<\/h3>\t\t\t\t<\/div>\n\t\t\t\t<\/div>\n\t\t\t\t\t<\/div>\n\t\t<\/div>\n\t\t\t\t\t<\/div>\n\t\t<\/section>\n\t\t\t\t<section class=\"elementor-section elementor-top-section elementor-element elementor-element-3aac2972 elementor-section-boxed elementor-section-height-default elementor-section-height-default\" data-id=\"3aac2972\" data-element_type=\"section\">\n\t\t\t\t\t\t<div class=\"elementor-container elementor-column-gap-wider\">\n\t\t\t\t\t<div class=\"elementor-column elementor-col-50 elementor-top-column elementor-element elementor-element-5e827598\" data-id=\"5e827598\" data-element_type=\"column\">\n\t\t\t<div class=\"elementor-widget-wrap elementor-element-populated\">\n\t\t\t\t\t\t<div class=\"elementor-element elementor-element-a7cafcd elementor-widget elementor-widget-text-editor\" data-id=\"a7cafcd\" data-element_type=\"widget\" data-widget_type=\"text-editor.default\">\n\t\t\t\t<div class=\"elementor-widget-container\">\n\t\t\t\t\t\t\t\t\t<h4>Desde su creaci\u00f3n hace 24 a\u00f1os, TAG adapt\u00f3 una misi\u00f3n claramente definida: mantener los estrictos est\u00e1ndares de comunicaci\u00f3n de alta velocidad a trav\u00e9s de Internet durante cada minuto del d\u00eda.<\/h4><h4>Nuestra materializaci\u00f3n exitosa de esta misi\u00f3n ha posicionado a TAG como el proveedor de hosting de Internet de Am\u00e9rica Central de elecci\u00f3n para cualquier requerimiento de comercio electr\u00f3nico o alojamiento empresarial.<\/h4><h4>Si su negocio requiere tiempo de actividad minuto a minuto, entonces es hora de unirse a nuestra exitosa red global de clientes.<\/h4>\t\t\t\t\t\t\t\t<\/div>\n\t\t\t\t<\/div>\n\t\t\t\t\t<\/div>\n\t\t<\/div>\n\t\t\t\t<div class=\"elementor-column elementor-col-50 elementor-top-column elementor-element elementor-element-2984959f\" data-id=\"2984959f\" data-element_type=\"column\">\n\t\t\t<div class=\"elementor-widget-wrap elementor-element-populated\">\n\t\t\t\t\t\t<div class=\"elementor-element elementor-element-3f2dbff6 elementor-widget elementor-widget-image\" data-id=\"3f2dbff6\" data-element_type=\"widget\" data-widget_type=\"image.default\">\n\t\t\t\t<div class=\"elementor-widget-container\">\n\t\t\t\t\t\t\t\t\t\t\t\t\t\t\t<img fetchpriority=\"high\" decoding=\"async\" width=\"800\" height=\"662\" src=\"https:\/\/tagdc.tagsystems.com\/es-cr\/wp-content\/uploads\/sites\/3\/2023\/04\/Why-Us-DC.jpg\" class=\"attachment-large size-large wp-image-9831\" alt srcset=\"https:\/\/tagdc.tagsystems.com\/es-cr\/wp-content\/uploads\/sites\/3\/2023\/04\/Why-Us-DC.jpg 800w, https:\/\/tagdc.tagsystems.com\/es-cr\/wp-content\/uploads\/sites\/3\/2023\/04\/Why-Us-DC-300x248.jpg 300w, https:\/\/tagdc.tagsystems.com\/es-cr\/wp-content\/uploads\/sites\/3\/2023\/04\/Why-Us-DC-768x636.jpg 768w\" sizes=\"(max-width: 800px) 100vw, 800px\">\t\t\t\t\t\t\t\t\t\t\t\t\t\t\t<\/div>\n\t\t\t\t<\/div>\n\t\t\t\t\t<\/div>\n\t\t<\/div>\n\t\t\t\t\t<\/div>\n\t\t<\/section>\n\t\t\t\t<section class=\"elementor-section elementor-top-section elementor-element elementor-element-3762434c elementor-section-boxed elementor-section-height-default elementor-section-height-default\" data-id=\"3762434c\" data-element_type=\"section\" data-settings=\"{&quot;background_background&quot;:&quot;classic&quot;}\">\n\t\t\t\t\t\t\t<div class=\"elementor-background-overlay\"><\/div>\n\t\t\t\t\t\t\t<div class=\"elementor-container elementor-column-gap-wider\">\n\t\t\t\t\t<div class=\"elementor-column elementor-col-100 elementor-top-column elementor-element elementor-element-21fe1959\" data-id=\"21fe1959\" data-element_type=\"column\">\n\t\t\t<div class=\"elementor-widget-wrap elementor-element-populated\">\n\t\t\t\t\t\t<div class=\"elementor-element elementor-element-1d6b9bdd elementor-widget__width-initial elementor-widget elementor-widget-heading\" data-id=\"1d6b9bdd\" data-element_type=\"widget\" data-widget_type=\"heading.default\">\n\t\t\t\t<div class=\"elementor-widget-container\">\n\t\t\t\t\t<h3 class=\"elementor-heading-title elementor-size-default\">\u00a1Conversemos hoy mismo!<\/h3>\t\t\t\t<\/div>\n\t\t\t\t<\/div>\n\t\t\t\t<div class=\"elementor-element elementor-element-5df381d4 elementor-align-center elementor-widget__width-auto elementor-widget elementor-widget-the7_button_widget\" data-id=\"5df381d4\" data-element_type=\"widget\" data-widget_type=\"the7_button_widget.default\">\n\t\t\t\t<div class=\"elementor-widget-container\">\n\t\t\t\t\t<div class=\"elementor-button-wrapper\"><a href=\"https:\/\/tagdc.tagsystems.com\/es-cr\/contactenos\/\" class=\"box-button elementor-button elementor-size-lg\">Solicite su presupuesto<\/a><\/div>\t\t\t\t<\/div>\n\t\t\t\t<\/div>\n\t\t\t\t\t<\/div>\n\t\t<\/div>\n\t\t\t\t\t<\/div>\n\t\t<\/section>\n\t\t\t\t<\/div>\n\t\t","protected":false},"excerpt":{"rendered":"<p>Informaci\u00f3n de la empresa \u00bfPor qu\u00e9 TAG? Desde su creaci\u00f3n hace 24 a\u00f1os, TAG adapt\u00f3 una misi\u00f3n claramente definida: mantener los estrictos est\u00e1ndares de comunicaci\u00f3n de alta velocidad a trav\u00e9s de Internet durante cada minuto del d\u00eda. Nuestra materializaci\u00f3n exitosa de esta misi\u00f3n ha posicionado a TAG como el proveedor de hosting de Internet de\u2026<\/p>\n","protected":false},"author":2,"featured_media":0,"parent":0,"menu_order":10,"comment_status":"closed","ping_status":"closed","template":"","meta":{"wp_typography_post_enhancements_disabled":false,"footnotes":""},"class_list":["post-1479","page","type-page","status-publish","hentry"],"yoast_head":"<!-- This site is optimized with the Yoast SEO plugin v26.6 - https:\/\/yoast.com\/wordpress\/plugins\/seo\/ -->\n<title>Empresa - TAG Data Center &amp; Networks<\/title>\n<meta name=\"robots\" content=\"index, follow, max-snippet:-1, max-image-preview:large, max-video-preview:-1\" \/>\n<link rel=\"canonical\" href=\"https:\/\/tagdc.tagsystems.com\/es-cr\/empresa\/\" \/>\n<meta property=\"og:locale\" content=\"es_ES\" \/>\n<meta property=\"og:type\" content=\"article\" \/>\n<meta property=\"og:title\" content=\"Empresa - TAG Data Center &amp; Networks\" \/>\n<meta property=\"og:description\" content=\"Informaci\u00f3n de la empresa \u00bfPor qu\u00e9 TAG? Desde su creaci\u00f3n hace 24 a\u00f1os, TAG adapt\u00f3 una misi\u00f3n claramente definida: mantener los estrictos est\u00e1ndares de comunicaci\u00f3n de alta velocidad a trav\u00e9s de Internet durante cada minuto del d\u00eda. Nuestra materializaci\u00f3n exitosa de esta misi\u00f3n ha posicionado a TAG como el proveedor de hosting de Internet de&hellip;\" \/>\n<meta property=\"og:url\" content=\"https:\/\/tagdc.tagsystems.com\/es-cr\/empresa\/\" \/>\n<meta property=\"og:site_name\" content=\"TAG Data Center &amp; Networks\" \/>\n<meta property=\"article:modified_time\" content=\"2023-05-16T13:11:30+00:00\" \/>\n<meta property=\"og:image\" content=\"https:\/\/tagdc.tagsystems.com\/wp-content\/uploads\/sites\/3\/2023\/04\/Why-Us-DC.jpg\" \/>\n<meta name=\"twitter:card\" content=\"summary_large_image\" \/>\n<meta name=\"twitter:label1\" content=\"Tiempo de lectura\" \/>\n\t<meta name=\"twitter:data1\" content=\"1 minuto\" \/>\n<script type=\"application\/ld+json\" class=\"yoast-schema-graph\">{\"@context\":\"https:\/\/schema.org\",\"@graph\":[{\"@type\":\"WebPage\",\"@id\":\"https:\/\/tagdc.tagsystems.com\/es-cr\/empresa\/\",\"url\":\"https:\/\/tagdc.tagsystems.com\/es-cr\/empresa\/\",\"name\":\"Empresa - TAG Data Center &amp; Networks\",\"isPartOf\":{\"@id\":\"https:\/\/tagdc.tagsystems.com\/es-cr\/#website\"},\"primaryImageOfPage\":{\"@id\":\"https:\/\/tagdc.tagsystems.com\/es-cr\/empresa\/#primaryimage\"},\"image\":{\"@id\":\"https:\/\/tagdc.tagsystems.com\/es-cr\/empresa\/#primaryimage\"},\"thumbnailUrl\":\"https:\/\/tagdc.tagsystems.com\/wp-content\/uploads\/sites\/3\/2023\/04\/Why-Us-DC.jpg\",\"datePublished\":\"2019-10-16T16:11:29+00:00\",\"dateModified\":\"2023-05-16T13:11:30+00:00\",\"breadcrumb\":{\"@id\":\"https:\/\/tagdc.tagsystems.com\/es-cr\/empresa\/#breadcrumb\"},\"inLanguage\":\"es\",\"potentialAction\":[{\"@type\":\"ReadAction\",\"target\":[\"https:\/\/tagdc.tagsystems.com\/es-cr\/empresa\/\"]}]},{\"@type\":\"ImageObject\",\"inLanguage\":\"es\",\"@id\":\"https:\/\/tagdc.tagsystems.com\/es-cr\/empresa\/#primaryimage\",\"url\":\"https:\/\/tagdc.tagsystems.com\/wp-content\/uploads\/sites\/3\/2023\/04\/Why-Us-DC.jpg\",\"contentUrl\":\"https:\/\/tagdc.tagsystems.com\/wp-content\/uploads\/sites\/3\/2023\/04\/Why-Us-DC.jpg\"},{\"@type\":\"BreadcrumbList\",\"@id\":\"https:\/\/tagdc.tagsystems.com\/es-cr\/empresa\/#breadcrumb\",\"itemListElement\":[{\"@type\":\"ListItem\",\"position\":1,\"name\":\"Home\",\"item\":\"https:\/\/tagdc.tagsystems.com\/es-cr\/\"},{\"@type\":\"ListItem\",\"position\":2,\"name\":\"Empresa\"}]},{\"@type\":\"WebSite\",\"@id\":\"https:\/\/tagdc.tagsystems.com\/es-cr\/#website\",\"url\":\"https:\/\/tagdc.tagsystems.com\/es-cr\/\",\"name\":\"TAG Data Center &amp; Networks\",\"description\":\"Hosting infrastructure geared towards high-end managed colocation, dedicated servers, cloud and custom hardware configurations.\",\"publisher\":{\"@id\":\"https:\/\/tagdc.tagsystems.com\/es-cr\/#organization\"},\"potentialAction\":[{\"@type\":\"SearchAction\",\"target\":{\"@type\":\"EntryPoint\",\"urlTemplate\":\"https:\/\/tagdc.tagsystems.com\/es-cr\/?s={search_term_string}\"},\"query-input\":{\"@type\":\"PropertyValueSpecification\",\"valueRequired\":true,\"valueName\":\"search_term_string\"}}],\"inLanguage\":\"es\"},{\"@type\":\"Organization\",\"@id\":\"https:\/\/tagdc.tagsystems.com\/es-cr\/#organization\",\"name\":\"TAG Data Center &amp; Networks\",\"url\":\"https:\/\/tagdc.tagsystems.com\/es-cr\/\",\"logo\":{\"@type\":\"ImageObject\",\"inLanguage\":\"es\",\"@id\":\"https:\/\/tagdc.tagsystems.com\/es-cr\/#\/schema\/logo\/image\/\",\"url\":\"https:\/\/tagdc.tagsystems.com\/es-cr\/wp-content\/uploads\/sites\/3\/2023\/04\/TAG_datacenter_networks_logo_white.svg\",\"contentUrl\":\"https:\/\/tagdc.tagsystems.com\/es-cr\/wp-content\/uploads\/sites\/3\/2023\/04\/TAG_datacenter_networks_logo_white.svg\",\"width\":8192,\"height\":1357,\"caption\":\"TAG Data Center &amp; Networks\"},\"image\":{\"@id\":\"https:\/\/tagdc.tagsystems.com\/es-cr\/#\/schema\/logo\/image\/\"}}]}<\/script>\n<!-- \/ Yoast SEO plugin. -->","yoast_head_json":{"title":"Empresa - TAG Data Center &amp; Networks","robots":{"index":"index","follow":"follow","max-snippet":"max-snippet:-1","max-image-preview":"max-image-preview:large","max-video-preview":"max-video-preview:-1"},"canonical":"https:\/\/tagdc.tagsystems.com\/es-cr\/empresa\/","og_locale":"es_ES","og_type":"article","og_title":"Empresa - TAG Data Center &amp; Networks","og_description":"Informaci\u00f3n de la empresa \u00bfPor qu\u00e9 TAG? Desde su creaci\u00f3n hace 24 a\u00f1os, TAG adapt\u00f3 una misi\u00f3n claramente definida: mantener los estrictos est\u00e1ndares de comunicaci\u00f3n de alta velocidad a trav\u00e9s de Internet durante cada minuto del d\u00eda. Nuestra materializaci\u00f3n exitosa de esta misi\u00f3n ha posicionado a TAG como el proveedor de hosting de Internet de&hellip;","og_url":"https:\/\/tagdc.tagsystems.com\/es-cr\/empresa\/","og_site_name":"TAG Data Center &amp; Networks","article_modified_time":"2023-05-16T13:11:30+00:00","og_image":[{"url":"https:\/\/tagdc.tagsystems.com\/wp-content\/uploads\/sites\/3\/2023\/04\/Why-Us-DC.jpg","type":"","width":"","height":""}],"twitter_card":"summary_large_image","twitter_misc":{"Tiempo de lectura":"1 minuto"},"schema":{"@context":"https:\/\/schema.org","@graph":[{"@type":"WebPage","@id":"https:\/\/tagdc.tagsystems.com\/es-cr\/empresa\/","url":"https:\/\/tagdc.tagsystems.com\/es-cr\/empresa\/","name":"Empresa - TAG Data Center &amp; Networks","isPartOf":{"@id":"https:\/\/tagdc.tagsystems.com\/es-cr\/#website"},"primaryImageOfPage":{"@id":"https:\/\/tagdc.tagsystems.com\/es-cr\/empresa\/#primaryimage"},"image":{"@id":"https:\/\/tagdc.tagsystems.com\/es-cr\/empresa\/#primaryimage"},"thumbnailUrl":"https:\/\/tagdc.tagsystems.com\/wp-content\/uploads\/sites\/3\/2023\/04\/Why-Us-DC.jpg","datePublished":"2019-10-16T16:11:29+00:00","dateModified":"2023-05-16T13:11:30+00:00","breadcrumb":{"@id":"https:\/\/tagdc.tagsystems.com\/es-cr\/empresa\/#breadcrumb"},"inLanguage":"es","potentialAction":[{"@type":"ReadAction","target":["https:\/\/tagdc.tagsystems.com\/es-cr\/empresa\/"]}]},{"@type":"ImageObject","inLanguage":"es","@id":"https:\/\/tagdc.tagsystems.com\/es-cr\/empresa\/#primaryimage","url":"https:\/\/tagdc.tagsystems.com\/wp-content\/uploads\/sites\/3\/2023\/04\/Why-Us-DC.jpg","contentUrl":"https:\/\/tagdc.tagsystems.com\/wp-content\/uploads\/sites\/3\/2023\/04\/Why-Us-DC.jpg"},{"@type":"BreadcrumbList","@id":"https:\/\/tagdc.tagsystems.com\/es-cr\/empresa\/#breadcrumb","itemListElement":[{"@type":"ListItem","position":1,"name":"Home","item":"https:\/\/tagdc.tagsystems.com\/es-cr\/"},{"@type":"ListItem","position":2,"name":"Empresa"}]},{"@type":"WebSite","@id":"https:\/\/tagdc.tagsystems.com\/es-cr\/#website","url":"https:\/\/tagdc.tagsystems.com\/es-cr\/","name":"TAG Data Center &amp; Networks","description":"Hosting infrastructure geared towards high-end managed colocation, dedicated servers, cloud and custom hardware configurations.","publisher":{"@id":"https:\/\/tagdc.tagsystems.com\/es-cr\/#organization"},"potentialAction":[{"@type":"SearchAction","target":{"@type":"EntryPoint","urlTemplate":"https:\/\/tagdc.tagsystems.com\/es-cr\/?s={search_term_string}"},"query-input":{"@type":"PropertyValueSpecification","valueRequired":true,"valueName":"search_term_string"}}],"inLanguage":"es"},{"@type":"Organization","@id":"https:\/\/tagdc.tagsystems.com\/es-cr\/#organization","name":"TAG Data Center &amp; Networks","url":"https:\/\/tagdc.tagsystems.com\/es-cr\/","logo":{"@type":"ImageObject","inLanguage":"es","@id":"https:\/\/tagdc.tagsystems.com\/es-cr\/#\/schema\/logo\/image\/","url":"https:\/\/tagdc.tagsystems.com\/es-cr\/wp-content\/uploads\/sites\/3\/2023\/04\/TAG_datacenter_networks_logo_white.svg","contentUrl":"https:\/\/tagdc.tagsystems.com\/es-cr\/wp-content\/uploads\/sites\/3\/2023\/04\/TAG_datacenter_networks_logo_white.svg","width":8192,"height":1357,"caption":"TAG Data Center &amp; Networks"},"image":{"@id":"https:\/\/tagdc.tagsystems.com\/es-cr\/#\/schema\/logo\/image\/"}}]}},"_links":{"self":[{"href":"https:\/\/tagdc.tagsystems.com\/es-cr\/wp-json\/wp\/v2\/pages\/1479","targetHints":{"allow":["GET"]}}],"collection":[{"href":"https:\/\/tagdc.tagsystems.com\/es-cr\/wp-json\/wp\/v2\/pages"}],"about":[{"href":"https:\/\/tagdc.tagsystems.com\/es-cr\/wp-json\/wp\/v2\/types\/page"}],"author":[{"embeddable":true,"href":"https:\/\/tagdc.tagsystems.com\/es-cr\/wp-json\/wp\/v2\/users\/2"}],"replies":[{"embeddable":true,"href":"https:\/\/tagdc.tagsystems.com\/es-cr\/wp-json\/wp\/v2\/comments?post=1479"}],"version-history":[{"count":24,"href":"https:\/\/tagdc.tagsystems.com\/es-cr\/wp-json\/wp\/v2\/pages\/1479\/revisions"}],"predecessor-version":[{"id":10997,"href":"https:\/\/tagdc.tagsystems.com\/es-cr\/wp-json\/wp\/v2\/pages\/1479\/revisions\/10997"}],"wp:attachment":[{"href":"https:\/\/tagdc.tagsystems.com\/es-cr\/wp-json\/wp\/v2\/media?parent=1479"}],"curies":[{"name":"wp","href":"https:\/\/api.w.org\/{rel}","templated":true}]}}