{"id":5475,"date":"2021-10-01T13:01:38","date_gmt":"2021-10-01T13:01:38","guid":{"rendered":"https:\/\/the7.io\/business-advisors\/?page_id=5475"},"modified":"2025-12-15T05:52:12","modified_gmt":"2025-12-15T11:52:12","slug":"manejo-de-marca","status":"publish","type":"page","link":"https:\/\/tagdc.tagsystems.com\/es-cr\/manejo-de-marca\/","title":{"rendered":"Manejo de Marca"},"content":{"rendered":"\t\t<div data-elementor-type=\"wp-page\" data-elementor-id=\"5475\" class=\"elementor elementor-5475\" data-elementor-post-type=\"page\">\n\t\t\t\t\t\t<section class=\"elementor-section elementor-top-section elementor-element elementor-element-bd9e9d3 elementor-section-boxed elementor-section-height-default elementor-section-height-default\" data-id=\"bd9e9d3\" data-element_type=\"section\" data-settings=\"{&quot;background_background&quot;:&quot;classic&quot;}\">\n\t\t\t\t\t\t\t<div class=\"elementor-background-overlay\"><\/div>\n\t\t\t\t\t\t\t<div class=\"elementor-container elementor-column-gap-wider\">\n\t\t\t\t\t<div class=\"elementor-column elementor-col-100 elementor-top-column elementor-element elementor-element-94c5a7a\" data-id=\"94c5a7a\" data-element_type=\"column\">\n\t\t\t<div class=\"elementor-widget-wrap\">\n\t\t\t\t\t\t\t<\/div>\n\t\t<\/div>\n\t\t\t\t\t<\/div>\n\t\t<\/section>\n\t\t\t\t<section class=\"elementor-section elementor-top-section elementor-element elementor-element-59d6766 elementor-section-boxed elementor-section-height-default elementor-section-height-default\" data-id=\"59d6766\" data-element_type=\"section\">\n\t\t\t\t\t\t<div class=\"elementor-container elementor-column-gap-wider\">\n\t\t\t\t\t<div class=\"elementor-column elementor-col-100 elementor-top-column elementor-element elementor-element-9540f5b\" data-id=\"9540f5b\" data-element_type=\"column\">\n\t\t\t<div class=\"elementor-widget-wrap elementor-element-populated\">\n\t\t\t\t\t\t<div class=\"elementor-element elementor-element-66d0bd5 elementor-widget elementor-widget-text-editor\" data-id=\"66d0bd5\" data-element_type=\"widget\" data-widget_type=\"text-editor.default\">\n\t\t\t\t<div class=\"elementor-widget-container\">\n\t\t\t\t\t\t\t\t\t<h1>Derechos de Marca<\/h1>\n<h3>Responsable de contenido:<\/h3>\n<p><!-- \/wp:heading --><!-- wp:paragraph --><\/p>\n<p>TAG Systems AG<\/p>\n<p><!-- \/wp:paragraph --><!-- wp:paragraph --><\/p>\n<p>Los derechos de marca tambi\u00e9n se aplican a los siguientes perfiles de redes sociales: <a href=\"http:\/\/www.facebook.com\">www.facebook.com<\/a> &nbsp;<a href=\"http:\/\/www.twitter.com\">www.twitter.com<\/a> &nbsp;<a href=\"http:\/\/www.youtube.com\">www.youtube.com<\/a> &nbsp;<a href=\"http:\/\/www.instagram.com\">www.instagram.com<\/a><\/p>\n<p><!-- \/wp:paragraph --><!-- wp:spacer {\"height\":\"40px\"} --><\/p>\n<div class=\"wp-block-spacer\" aria-hidden=\"true\">&nbsp;<\/div>\n<p><!-- \/wp:spacer --><!-- wp:heading {\"level\":3} --><\/p>\n<h3>Publicaci\u00f3n y gesti\u00f3n de contenidos:<\/h3>\n<p><!-- \/wp:heading --><!-- wp:paragraph --><\/p>\n<p>TAG Systems AG<br>Pflugstrasse 22<br>9490 Vaduz<br>Liechtenstein<\/p>\n<p><!-- \/wp:paragraph --><!-- wp:paragraph --><\/p>\n<p>T: +423 376 50 80<br>info@tagsystems.com<\/p>\n<p><!-- \/wp:paragraph --><!-- wp:paragraph --><\/p>\n<p>N\u00famero de Registro Corporativo: FL-0002.472.924\u20139<br>Registro Comercial del Principado de Liechtenstein<br>Lugar de jurisdicci\u00f3n: Vaduz<\/p>\n<p><!-- \/wp:paragraph --><!-- wp:spacer {\"height\":\"40px\"} --><\/p>\n<div class=\"wp-block-spacer\" aria-hidden=\"true\">&nbsp;<\/div>\n<p><!-- \/wp:spacer --><!-- wp:heading {\"level\":3} --><\/p>\n<h3>Responsabilidad por el contenido<\/h3>\n<p><!-- \/wp:heading --><!-- wp:paragraph --><\/p>\n<p>Los contenidos de estas p\u00e1ginas se crean con sumo cuidado. Sin embargo, debido a la correcci\u00f3n aplicada, no se puede asumir ninguna responsabilidad por la integridad y tem\u00e1tica de este contenido.<\/p>\n<p><!-- \/wp:paragraph --><!-- wp:spacer {\"height\":\"40px\"} --><\/p>\n<div class=\"wp-block-spacer\" aria-hidden=\"true\">&nbsp;<\/div>\n<p><!-- \/wp:spacer --><!-- wp:heading {\"level\":3} --><\/p>\n<h3>Cr\u00e9ditos de las im\u00e1genes y Derechos de Autor<\/h3>\n<p><!-- \/wp:heading --><!-- wp:paragraph --><\/p>\n<p><em>TAG Systems AG, TAG Data Center &amp; Networks<\/em>&nbsp;y todas las marcas comerciales, el logotipo de la empresa y sus productos, todos los elementos de dise\u00f1o, las im\u00e1genes y los textos del sitio web est\u00e1n protegidos por derechos de autor.<\/p>\t\t\t\t\t\t\t\t<\/div>\n\t\t\t\t<\/div>\n\t\t\t\t\t<\/div>\n\t\t<\/div>\n\t\t\t\t\t<\/div>\n\t\t<\/section>\n\t\t\t\t<\/div>\n\t\t","protected":false},"excerpt":{"rendered":"<p>Derechos de Marca Responsable de contenido: TAG Systems AG Los derechos de marca tambi\u00e9n se aplican a los siguientes perfiles de redes sociales: www.facebook.com &nbsp;www.twitter.com &nbsp;www.youtube.com &nbsp;www.instagram.com &nbsp; Publicaci\u00f3n y gesti\u00f3n de contenidos: TAG Systems AGPflugstrasse 229490 VaduzLiechtenstein T: +423 376 50 80info@tagsystems.com N\u00famero de Registro Corporativo: FL-0002.472.924\u20139Registro Comercial del Principado de LiechtensteinLugar de jurisdicci\u00f3n:\u2026<\/p>\n","protected":false},"author":2,"featured_media":0,"parent":0,"menu_order":800,"comment_status":"closed","ping_status":"closed","template":"","meta":{"wp_typography_post_enhancements_disabled":false,"footnotes":""},"class_list":["post-5475","page","type-page","status-publish","hentry"],"yoast_head":"<!-- This site is optimized with the Yoast SEO plugin v26.6 - https:\/\/yoast.com\/wordpress\/plugins\/seo\/ -->\n<title>Manejo de Marca - TAG Data Center &amp; Networks<\/title>\n<meta name=\"robots\" content=\"index, follow, max-snippet:-1, max-image-preview:large, max-video-preview:-1\" \/>\n<link rel=\"canonical\" href=\"https:\/\/tagdc.tagsystems.com\/es-cr\/manejo-de-marca\/\" \/>\n<meta property=\"og:locale\" content=\"es_ES\" \/>\n<meta property=\"og:type\" content=\"article\" \/>\n<meta property=\"og:title\" content=\"Manejo de Marca - TAG Data Center &amp; Networks\" \/>\n<meta property=\"og:description\" content=\"Derechos de Marca Responsable de contenido: TAG Systems AG Los derechos de marca tambi\u00e9n se aplican a los siguientes perfiles de redes sociales: www.facebook.com &nbsp;www.twitter.com &nbsp;www.youtube.com &nbsp;www.instagram.com &nbsp; Publicaci\u00f3n y gesti\u00f3n de contenidos: TAG Systems AGPflugstrasse 229490 VaduzLiechtenstein T: +423 376 50 80info@tagsystems.com N\u00famero de Registro Corporativo: FL-0002.472.924\u20139Registro Comercial del Principado de LiechtensteinLugar de jurisdicci\u00f3n:&hellip;\" \/>\n<meta property=\"og:url\" content=\"https:\/\/tagdc.tagsystems.com\/es-cr\/manejo-de-marca\/\" \/>\n<meta property=\"og:site_name\" content=\"TAG Data Center &amp; Networks\" \/>\n<meta property=\"article:modified_time\" content=\"2025-12-15T11:52:12+00:00\" \/>\n<meta name=\"twitter:card\" content=\"summary_large_image\" \/>\n<meta name=\"twitter:label1\" content=\"Tiempo de lectura\" \/>\n\t<meta name=\"twitter:data1\" content=\"1 minuto\" \/>\n<script type=\"application\/ld+json\" class=\"yoast-schema-graph\">{\"@context\":\"https:\/\/schema.org\",\"@graph\":[{\"@type\":\"WebPage\",\"@id\":\"https:\/\/tagdc.tagsystems.com\/es-cr\/manejo-de-marca\/\",\"url\":\"https:\/\/tagdc.tagsystems.com\/es-cr\/manejo-de-marca\/\",\"name\":\"Manejo de Marca - TAG Data Center &amp; Networks\",\"isPartOf\":{\"@id\":\"https:\/\/tagdc.tagsystems.com\/es-cr\/#website\"},\"datePublished\":\"2021-10-01T13:01:38+00:00\",\"dateModified\":\"2025-12-15T11:52:12+00:00\",\"breadcrumb\":{\"@id\":\"https:\/\/tagdc.tagsystems.com\/es-cr\/manejo-de-marca\/#breadcrumb\"},\"inLanguage\":\"es\",\"potentialAction\":[{\"@type\":\"ReadAction\",\"target\":[\"https:\/\/tagdc.tagsystems.com\/es-cr\/manejo-de-marca\/\"]}]},{\"@type\":\"BreadcrumbList\",\"@id\":\"https:\/\/tagdc.tagsystems.com\/es-cr\/manejo-de-marca\/#breadcrumb\",\"itemListElement\":[{\"@type\":\"ListItem\",\"position\":1,\"name\":\"Home\",\"item\":\"https:\/\/tagdc.tagsystems.com\/es-cr\/\"},{\"@type\":\"ListItem\",\"position\":2,\"name\":\"Manejo de Marca\"}]},{\"@type\":\"WebSite\",\"@id\":\"https:\/\/tagdc.tagsystems.com\/es-cr\/#website\",\"url\":\"https:\/\/tagdc.tagsystems.com\/es-cr\/\",\"name\":\"TAG Data Center &amp; Networks\",\"description\":\"Hosting infrastructure geared towards high-end managed colocation, dedicated servers, cloud and custom hardware configurations.\",\"publisher\":{\"@id\":\"https:\/\/tagdc.tagsystems.com\/es-cr\/#organization\"},\"potentialAction\":[{\"@type\":\"SearchAction\",\"target\":{\"@type\":\"EntryPoint\",\"urlTemplate\":\"https:\/\/tagdc.tagsystems.com\/es-cr\/?s={search_term_string}\"},\"query-input\":{\"@type\":\"PropertyValueSpecification\",\"valueRequired\":true,\"valueName\":\"search_term_string\"}}],\"inLanguage\":\"es\"},{\"@type\":\"Organization\",\"@id\":\"https:\/\/tagdc.tagsystems.com\/es-cr\/#organization\",\"name\":\"TAG Data Center &amp; Networks\",\"url\":\"https:\/\/tagdc.tagsystems.com\/es-cr\/\",\"logo\":{\"@type\":\"ImageObject\",\"inLanguage\":\"es\",\"@id\":\"https:\/\/tagdc.tagsystems.com\/es-cr\/#\/schema\/logo\/image\/\",\"url\":\"https:\/\/tagdc.tagsystems.com\/es-cr\/wp-content\/uploads\/sites\/3\/2023\/04\/TAG_datacenter_networks_logo_white.svg\",\"contentUrl\":\"https:\/\/tagdc.tagsystems.com\/es-cr\/wp-content\/uploads\/sites\/3\/2023\/04\/TAG_datacenter_networks_logo_white.svg\",\"width\":8192,\"height\":1357,\"caption\":\"TAG Data Center &amp; Networks\"},\"image\":{\"@id\":\"https:\/\/tagdc.tagsystems.com\/es-cr\/#\/schema\/logo\/image\/\"}}]}<\/script>\n<!-- \/ Yoast SEO plugin. -->","yoast_head_json":{"title":"Manejo de Marca - TAG Data Center &amp; Networks","robots":{"index":"index","follow":"follow","max-snippet":"max-snippet:-1","max-image-preview":"max-image-preview:large","max-video-preview":"max-video-preview:-1"},"canonical":"https:\/\/tagdc.tagsystems.com\/es-cr\/manejo-de-marca\/","og_locale":"es_ES","og_type":"article","og_title":"Manejo de Marca - TAG Data Center &amp; Networks","og_description":"Derechos de Marca Responsable de contenido: TAG Systems AG Los derechos de marca tambi\u00e9n se aplican a los siguientes perfiles de redes sociales: www.facebook.com &nbsp;www.twitter.com &nbsp;www.youtube.com &nbsp;www.instagram.com &nbsp; Publicaci\u00f3n y gesti\u00f3n de contenidos: TAG Systems AGPflugstrasse 229490 VaduzLiechtenstein T: +423 376 50 80info@tagsystems.com N\u00famero de Registro Corporativo: FL-0002.472.924\u20139Registro Comercial del Principado de LiechtensteinLugar de jurisdicci\u00f3n:&hellip;","og_url":"https:\/\/tagdc.tagsystems.com\/es-cr\/manejo-de-marca\/","og_site_name":"TAG Data Center &amp; Networks","article_modified_time":"2025-12-15T11:52:12+00:00","twitter_card":"summary_large_image","twitter_misc":{"Tiempo de lectura":"1 minuto"},"schema":{"@context":"https:\/\/schema.org","@graph":[{"@type":"WebPage","@id":"https:\/\/tagdc.tagsystems.com\/es-cr\/manejo-de-marca\/","url":"https:\/\/tagdc.tagsystems.com\/es-cr\/manejo-de-marca\/","name":"Manejo de Marca - TAG Data Center &amp; Networks","isPartOf":{"@id":"https:\/\/tagdc.tagsystems.com\/es-cr\/#website"},"datePublished":"2021-10-01T13:01:38+00:00","dateModified":"2025-12-15T11:52:12+00:00","breadcrumb":{"@id":"https:\/\/tagdc.tagsystems.com\/es-cr\/manejo-de-marca\/#breadcrumb"},"inLanguage":"es","potentialAction":[{"@type":"ReadAction","target":["https:\/\/tagdc.tagsystems.com\/es-cr\/manejo-de-marca\/"]}]},{"@type":"BreadcrumbList","@id":"https:\/\/tagdc.tagsystems.com\/es-cr\/manejo-de-marca\/#breadcrumb","itemListElement":[{"@type":"ListItem","position":1,"name":"Home","item":"https:\/\/tagdc.tagsystems.com\/es-cr\/"},{"@type":"ListItem","position":2,"name":"Manejo de Marca"}]},{"@type":"WebSite","@id":"https:\/\/tagdc.tagsystems.com\/es-cr\/#website","url":"https:\/\/tagdc.tagsystems.com\/es-cr\/","name":"TAG Data Center &amp; Networks","description":"Hosting infrastructure geared towards high-end managed colocation, dedicated servers, cloud and custom hardware configurations.","publisher":{"@id":"https:\/\/tagdc.tagsystems.com\/es-cr\/#organization"},"potentialAction":[{"@type":"SearchAction","target":{"@type":"EntryPoint","urlTemplate":"https:\/\/tagdc.tagsystems.com\/es-cr\/?s={search_term_string}"},"query-input":{"@type":"PropertyValueSpecification","valueRequired":true,"valueName":"search_term_string"}}],"inLanguage":"es"},{"@type":"Organization","@id":"https:\/\/tagdc.tagsystems.com\/es-cr\/#organization","name":"TAG Data Center &amp; Networks","url":"https:\/\/tagdc.tagsystems.com\/es-cr\/","logo":{"@type":"ImageObject","inLanguage":"es","@id":"https:\/\/tagdc.tagsystems.com\/es-cr\/#\/schema\/logo\/image\/","url":"https:\/\/tagdc.tagsystems.com\/es-cr\/wp-content\/uploads\/sites\/3\/2023\/04\/TAG_datacenter_networks_logo_white.svg","contentUrl":"https:\/\/tagdc.tagsystems.com\/es-cr\/wp-content\/uploads\/sites\/3\/2023\/04\/TAG_datacenter_networks_logo_white.svg","width":8192,"height":1357,"caption":"TAG Data Center &amp; Networks"},"image":{"@id":"https:\/\/tagdc.tagsystems.com\/es-cr\/#\/schema\/logo\/image\/"}}]}},"_links":{"self":[{"href":"https:\/\/tagdc.tagsystems.com\/es-cr\/wp-json\/wp\/v2\/pages\/5475","targetHints":{"allow":["GET"]}}],"collection":[{"href":"https:\/\/tagdc.tagsystems.com\/es-cr\/wp-json\/wp\/v2\/pages"}],"about":[{"href":"https:\/\/tagdc.tagsystems.com\/es-cr\/wp-json\/wp\/v2\/types\/page"}],"author":[{"embeddable":true,"href":"https:\/\/tagdc.tagsystems.com\/es-cr\/wp-json\/wp\/v2\/users\/2"}],"replies":[{"embeddable":true,"href":"https:\/\/tagdc.tagsystems.com\/es-cr\/wp-json\/wp\/v2\/comments?post=5475"}],"version-history":[{"count":23,"href":"https:\/\/tagdc.tagsystems.com\/es-cr\/wp-json\/wp\/v2\/pages\/5475\/revisions"}],"predecessor-version":[{"id":11444,"href":"https:\/\/tagdc.tagsystems.com\/es-cr\/wp-json\/wp\/v2\/pages\/5475\/revisions\/11444"}],"wp:attachment":[{"href":"https:\/\/tagdc.tagsystems.com\/es-cr\/wp-json\/wp\/v2\/media?parent=5475"}],"curies":[{"name":"wp","href":"https:\/\/api.w.org\/{rel}","templated":true}]}}